{"id":4880,"date":"2023-05-15T07:37:07","date_gmt":"2023-05-15T07:37:07","guid":{"rendered":"https:\/\/store.rektor.no\/?product=utah-jacket-w-020943-2"},"modified":"2023-05-15T07:37:10","modified_gmt":"2023-05-15T07:37:10","slug":"utah-jacket-w-020943-2","status":"publish","type":"product","link":"https:\/\/store.rektor.no\/?product=utah-jacket-w-020943-2","title":{"rendered":"Utah Jacket W &#8211; 020943"},"content":{"rendered":"<p>Artikelnummer:020943<\/p>\n","protected":false},"excerpt":{"rendered":"<p>En moderne lett vattert jakke. Farge 949 har store reflekterende detaljer. Hovedglidel\u00e5s og to sidelommer med vanntette glidel\u00e5ser. Inkluderer en smart \u00f8retelefonl\u00f8sning og avtagbar etikett i nakken.<\/p>\n","protected":false},"featured_media":2083,"template":"","meta":[],"product_cat":[106,107,109],"product_tag":[],"_links":{"self":[{"href":"https:\/\/store.rektor.no\/index.php?rest_route=\/wp\/v2\/product\/4880"}],"collection":[{"href":"https:\/\/store.rektor.no\/index.php?rest_route=\/wp\/v2\/product"}],"about":[{"href":"https:\/\/store.rektor.no\/index.php?rest_route=\/wp\/v2\/types\/product"}],"wp:featuredmedia":[{"embeddable":true,"href":"https:\/\/store.rektor.no\/index.php?rest_route=\/wp\/v2\/media\/2083"}],"wp:attachment":[{"href":"https:\/\/store.rektor.no\/index.php?rest_route=%2Fwp%2Fv2%2Fmedia&parent=4880"}],"wp:term":[{"taxonomy":"product_cat","embeddable":true,"href":"https:\/\/store.rektor.no\/index.php?rest_route=%2Fwp%2Fv2%2Fproduct_cat&post=4880"},{"taxonomy":"product_tag","embeddable":true,"href":"https:\/\/store.rektor.no\/index.php?rest_route=%2Fwp%2Fv2%2Fproduct_tag&post=4880"}],"curies":[{"name":"wp","href":"https:\/\/api.w.org\/{rel}","templated":true}]}}