{"id":4810,"date":"2023-05-15T07:36:49","date_gmt":"2023-05-15T07:36:49","guid":{"rendered":"https:\/\/store.rektor.no\/?product=seabrook-jacket-020937-2"},"modified":"2023-05-15T07:36:57","modified_gmt":"2023-05-15T07:36:57","slug":"seabrook-jacket-020937-2","status":"publish","type":"product","link":"https:\/\/store.rektor.no\/?product=seabrook-jacket-020937-2","title":{"rendered":"Seabrook Jacket &#8211; 020937"},"content":{"rendered":"<p>Artikelnummer:020937<\/p>\n","protected":false},"excerpt":{"rendered":"<p>Trendy ripstopjakke med meshf\u00f4r og trefarget glidel\u00e5s i front og p\u00e5 ermlommen. Fast hette, to sidelommer og en brystlomme.<\/p>\n","protected":false},"featured_media":1999,"template":"","meta":[],"product_cat":[106,120,107],"product_tag":[],"_links":{"self":[{"href":"https:\/\/store.rektor.no\/index.php?rest_route=\/wp\/v2\/product\/4810"}],"collection":[{"href":"https:\/\/store.rektor.no\/index.php?rest_route=\/wp\/v2\/product"}],"about":[{"href":"https:\/\/store.rektor.no\/index.php?rest_route=\/wp\/v2\/types\/product"}],"wp:featuredmedia":[{"embeddable":true,"href":"https:\/\/store.rektor.no\/index.php?rest_route=\/wp\/v2\/media\/1999"}],"wp:attachment":[{"href":"https:\/\/store.rektor.no\/index.php?rest_route=%2Fwp%2Fv2%2Fmedia&parent=4810"}],"wp:term":[{"taxonomy":"product_cat","embeddable":true,"href":"https:\/\/store.rektor.no\/index.php?rest_route=%2Fwp%2Fv2%2Fproduct_cat&post=4810"},{"taxonomy":"product_tag","embeddable":true,"href":"https:\/\/store.rektor.no\/index.php?rest_route=%2Fwp%2Fv2%2Fproduct_tag&post=4810"}],"curies":[{"name":"wp","href":"https:\/\/api.w.org\/{rel}","templated":true}]}}