{"id":4782,"date":"2023-05-15T07:36:44","date_gmt":"2023-05-15T07:36:44","guid":{"rendered":"https:\/\/store.rektor.no\/?product=webster-020936-2"},"modified":"2023-05-15T07:36:52","modified_gmt":"2023-05-15T07:36:52","slug":"webster-020936-2","status":"publish","type":"product","link":"https:\/\/store.rektor.no\/?product=webster-020936-2","title":{"rendered":"Webster &#8211; 020936"},"content":{"rendered":"<p>Artikelnummer:020936<\/p>\n","protected":false},"excerpt":{"rendered":"<p>Sporty og vanntett jakke i unisexmodell. Teipede s\u00f8mmer, to lommer i front med glidel\u00e5s. Borrel\u00e5s i ermavslutning. Justerbar hette og gode trykkemuligheter for logo.<\/p>\n","protected":false},"featured_media":1967,"template":"","meta":[],"product_cat":[106,120,107],"product_tag":[],"_links":{"self":[{"href":"https:\/\/store.rektor.no\/index.php?rest_route=\/wp\/v2\/product\/4782"}],"collection":[{"href":"https:\/\/store.rektor.no\/index.php?rest_route=\/wp\/v2\/product"}],"about":[{"href":"https:\/\/store.rektor.no\/index.php?rest_route=\/wp\/v2\/types\/product"}],"wp:featuredmedia":[{"embeddable":true,"href":"https:\/\/store.rektor.no\/index.php?rest_route=\/wp\/v2\/media\/1967"}],"wp:attachment":[{"href":"https:\/\/store.rektor.no\/index.php?rest_route=%2Fwp%2Fv2%2Fmedia&parent=4782"}],"wp:term":[{"taxonomy":"product_cat","embeddable":true,"href":"https:\/\/store.rektor.no\/index.php?rest_route=%2Fwp%2Fv2%2Fproduct_cat&post=4782"},{"taxonomy":"product_tag","embeddable":true,"href":"https:\/\/store.rektor.no\/index.php?rest_route=%2Fwp%2Fv2%2Fproduct_tag&post=4782"}],"curies":[{"name":"wp","href":"https:\/\/api.w.org\/{rel}","templated":true}]}}