{"id":4497,"date":"2023-05-15T07:35:41","date_gmt":"2023-05-15T07:35:41","guid":{"rendered":"https:\/\/store.rektor.no\/?product=basic-softshell-vest-ladies-020916-2"},"modified":"2023-05-15T07:35:54","modified_gmt":"2023-05-15T07:35:54","slug":"basic-softshell-vest-ladies-020916-2","status":"publish","type":"product","link":"https:\/\/store.rektor.no\/?product=basic-softshell-vest-ladies-020916-2","title":{"rendered":"Basic Softshell Vest Ladies &#8211; 020916"},"content":{"rendered":"<p>Artikelnummer:020916<\/p>\n","protected":false},"excerpt":{"rendered":"<p>Softshell vest med 3 ytterlommer og 2 innerlommer, 2 ton-i-ton omvendte glidel\u00e5ser. Elastisk teip rundt armhulene og kroppen. Stretchkvaliteten i jakken gj\u00f8r at man m\u00e5 velge en type transfer som er tilpasset softshell med stretch for \u00e5 unng\u00e5 at trykket lett bl\u00f8r igjennom.<\/p>\n","protected":false},"featured_media":1636,"template":"","meta":[],"product_cat":[106,107,108,132],"product_tag":[],"_links":{"self":[{"href":"https:\/\/store.rektor.no\/index.php?rest_route=\/wp\/v2\/product\/4497"}],"collection":[{"href":"https:\/\/store.rektor.no\/index.php?rest_route=\/wp\/v2\/product"}],"about":[{"href":"https:\/\/store.rektor.no\/index.php?rest_route=\/wp\/v2\/types\/product"}],"wp:featuredmedia":[{"embeddable":true,"href":"https:\/\/store.rektor.no\/index.php?rest_route=\/wp\/v2\/media\/1636"}],"wp:attachment":[{"href":"https:\/\/store.rektor.no\/index.php?rest_route=%2Fwp%2Fv2%2Fmedia&parent=4497"}],"wp:term":[{"taxonomy":"product_cat","embeddable":true,"href":"https:\/\/store.rektor.no\/index.php?rest_route=%2Fwp%2Fv2%2Fproduct_cat&post=4497"},{"taxonomy":"product_tag","embeddable":true,"href":"https:\/\/store.rektor.no\/index.php?rest_route=%2Fwp%2Fv2%2Fproduct_tag&post=4497"}],"curies":[{"name":"wp","href":"https:\/\/api.w.org\/{rel}","templated":true}]}}