{"id":4393,"date":"2023-05-15T07:35:15","date_gmt":"2023-05-15T07:35:15","guid":{"rendered":"https:\/\/store.rektor.no\/?product=basic-hoody-softshell-jacket-020912-2"},"modified":"2023-05-15T07:35:27","modified_gmt":"2023-05-15T07:35:27","slug":"basic-hoody-softshell-jacket-020912-2","status":"publish","type":"product","link":"https:\/\/store.rektor.no\/?product=basic-hoody-softshell-jacket-020912-2","title":{"rendered":"Basic Hoody Softshell Jacket &#8211; 020912"},"content":{"rendered":"<p>Artikelnummer:020912<\/p>\n","protected":false},"excerpt":{"rendered":"<p>Softshelljakke med avtagbar hette, tre ytterlommer med glidel\u00e5s og to innerlommer. Ton-i-ton glidel\u00e5ser. Borrel\u00e5s nederst p\u00e5 ermet. Stretchkvaliteten i jakken gj\u00f8r at man m\u00e5 velge en type transfer som er tilpasset softshell med stretch for \u00e5 unng\u00e5 at trykket lett bl\u00f8r igjennom.<\/p>\n","protected":false},"featured_media":1517,"template":"","meta":[],"product_cat":[106,107,108],"product_tag":[],"_links":{"self":[{"href":"https:\/\/store.rektor.no\/index.php?rest_route=\/wp\/v2\/product\/4393"}],"collection":[{"href":"https:\/\/store.rektor.no\/index.php?rest_route=\/wp\/v2\/product"}],"about":[{"href":"https:\/\/store.rektor.no\/index.php?rest_route=\/wp\/v2\/types\/product"}],"wp:featuredmedia":[{"embeddable":true,"href":"https:\/\/store.rektor.no\/index.php?rest_route=\/wp\/v2\/media\/1517"}],"wp:attachment":[{"href":"https:\/\/store.rektor.no\/index.php?rest_route=%2Fwp%2Fv2%2Fmedia&parent=4393"}],"wp:term":[{"taxonomy":"product_cat","embeddable":true,"href":"https:\/\/store.rektor.no\/index.php?rest_route=%2Fwp%2Fv2%2Fproduct_cat&post=4393"},{"taxonomy":"product_tag","embeddable":true,"href":"https:\/\/store.rektor.no\/index.php?rest_route=%2Fwp%2Fv2%2Fproduct_tag&post=4393"}],"curies":[{"name":"wp","href":"https:\/\/api.w.org\/{rel}","templated":true}]}}