{"id":4253,"date":"2023-05-15T07:34:44","date_gmt":"2023-05-15T07:34:44","guid":{"rendered":"https:\/\/store.rektor.no\/?product=basic-softshell-jacket-020910-2"},"modified":"2023-05-15T07:35:05","modified_gmt":"2023-05-15T07:35:05","slug":"basic-softshell-jacket-020910-2","status":"publish","type":"product","link":"https:\/\/store.rektor.no\/?product=basic-softshell-jacket-020910-2","title":{"rendered":"Basic Softshell Jacket &#8211; 020910"},"content":{"rendered":"<p>Artikelnummer:020910<\/p>\n","protected":false},"excerpt":{"rendered":"<p>Softshelljakke med tre ytterlommer med glidel\u00e5s og to innerlommer. Ton-i-ton glidel\u00e5ser. Elastisk tape i ermer og nederkant. En perfekt match til fleeceproduktene i Basic-serien. Stretchkvaliteten i jakken gj\u00f8r at man m\u00e5 velge en type transfer som er tilpasset softshell med stretch for \u00e5 unng\u00e5 at trykket lett bl\u00f8r igjennom.<\/p>\n<p>WP 3000 \/ MVP 1000<\/p>\n","protected":false},"featured_media":1359,"template":"","meta":[],"product_cat":[106,107,108],"product_tag":[],"_links":{"self":[{"href":"https:\/\/store.rektor.no\/index.php?rest_route=\/wp\/v2\/product\/4253"}],"collection":[{"href":"https:\/\/store.rektor.no\/index.php?rest_route=\/wp\/v2\/product"}],"about":[{"href":"https:\/\/store.rektor.no\/index.php?rest_route=\/wp\/v2\/types\/product"}],"wp:featuredmedia":[{"embeddable":true,"href":"https:\/\/store.rektor.no\/index.php?rest_route=\/wp\/v2\/media\/1359"}],"wp:attachment":[{"href":"https:\/\/store.rektor.no\/index.php?rest_route=%2Fwp%2Fv2%2Fmedia&parent=4253"}],"wp:term":[{"taxonomy":"product_cat","embeddable":true,"href":"https:\/\/store.rektor.no\/index.php?rest_route=%2Fwp%2Fv2%2Fproduct_cat&post=4253"},{"taxonomy":"product_tag","embeddable":true,"href":"https:\/\/store.rektor.no\/index.php?rest_route=%2Fwp%2Fv2%2Fproduct_tag&post=4253"}],"curies":[{"name":"wp","href":"https:\/\/api.w.org\/{rel}","templated":true}]}}