{"id":4219,"date":"2023-05-15T07:34:39","date_gmt":"2023-05-15T07:34:39","guid":{"rendered":"https:\/\/store.rektor.no\/?product=arock-020903-2"},"modified":"2023-05-15T07:34:43","modified_gmt":"2023-05-15T07:34:43","slug":"arock-020903-2","status":"publish","type":"product","link":"https:\/\/store.rektor.no\/?product=arock-020903-2","title":{"rendered":"Arock &#8211; 020903"},"content":{"rendered":"<p>Artikelnummer:020903<\/p>\n","protected":false},"excerpt":{"rendered":"<p>H\u00f8st\/v\u00e5rjakke med tynt f\u00f4r, robuste metallglidel\u00e5ser og trykknapper for et moderne utseende. Hetten kan rulles opp, to lommer foran med klaff, to brystlommer med glidel\u00e5s og en med glidel\u00e5s p\u00e5 ermet. Innerlomme med borrel\u00e5s. Snorer med snittdetalj i enden. Justerbare mansjetter og l\u00f8sning for hodetelefoner.<\/p>\n","protected":false},"featured_media":1315,"template":"","meta":[],"product_cat":[106,120,107],"product_tag":[],"_links":{"self":[{"href":"https:\/\/store.rektor.no\/index.php?rest_route=\/wp\/v2\/product\/4219"}],"collection":[{"href":"https:\/\/store.rektor.no\/index.php?rest_route=\/wp\/v2\/product"}],"about":[{"href":"https:\/\/store.rektor.no\/index.php?rest_route=\/wp\/v2\/types\/product"}],"wp:featuredmedia":[{"embeddable":true,"href":"https:\/\/store.rektor.no\/index.php?rest_route=\/wp\/v2\/media\/1315"}],"wp:attachment":[{"href":"https:\/\/store.rektor.no\/index.php?rest_route=%2Fwp%2Fv2%2Fmedia&parent=4219"}],"wp:term":[{"taxonomy":"product_cat","embeddable":true,"href":"https:\/\/store.rektor.no\/index.php?rest_route=%2Fwp%2Fv2%2Fproduct_cat&post=4219"},{"taxonomy":"product_tag","embeddable":true,"href":"https:\/\/store.rektor.no\/index.php?rest_route=%2Fwp%2Fv2%2Fproduct_tag&post=4219"}],"curies":[{"name":"wp","href":"https:\/\/api.w.org\/{rel}","templated":true}]}}