{"id":4177,"date":"2023-05-15T07:34:31","date_gmt":"2023-05-15T07:34:31","guid":{"rendered":"https:\/\/store.rektor.no\/?product=stafford-020901-2"},"modified":"2023-05-15T07:34:38","modified_gmt":"2023-05-15T07:34:38","slug":"stafford-020901-2","status":"publish","type":"product","link":"https:\/\/store.rektor.no\/?product=stafford-020901-2","title":{"rendered":"Stafford &#8211; 020901"},"content":{"rendered":"<p>Artikelnummer:020901<\/p>\n","protected":false},"excerpt":{"rendered":"<p>Unisex trekking jakke i en moderne passform med fine detaljer. SBS vanntette glidel\u00e5ser p\u00e5 brystlommene og p\u00e5 lommene i siden.  En innerlomme med glidel\u00e5s, tapede s\u00f8mmer og meshf\u00f4r. Sn\u00f8ring i ryggen for bedre passform og smidighet. Utstyrt med glidel\u00e5s under ermet for enkel utlufting.<\/p>\n","protected":false},"featured_media":1267,"template":"","meta":[],"product_cat":[106,120,107],"product_tag":[],"_links":{"self":[{"href":"https:\/\/store.rektor.no\/index.php?rest_route=\/wp\/v2\/product\/4177"}],"collection":[{"href":"https:\/\/store.rektor.no\/index.php?rest_route=\/wp\/v2\/product"}],"about":[{"href":"https:\/\/store.rektor.no\/index.php?rest_route=\/wp\/v2\/types\/product"}],"wp:featuredmedia":[{"embeddable":true,"href":"https:\/\/store.rektor.no\/index.php?rest_route=\/wp\/v2\/media\/1267"}],"wp:attachment":[{"href":"https:\/\/store.rektor.no\/index.php?rest_route=%2Fwp%2Fv2%2Fmedia&parent=4177"}],"wp:term":[{"taxonomy":"product_cat","embeddable":true,"href":"https:\/\/store.rektor.no\/index.php?rest_route=%2Fwp%2Fv2%2Fproduct_cat&post=4177"},{"taxonomy":"product_tag","embeddable":true,"href":"https:\/\/store.rektor.no\/index.php?rest_route=%2Fwp%2Fv2%2Fproduct_tag&post=4177"}],"curies":[{"name":"wp","href":"https:\/\/api.w.org\/{rel}","templated":true}]}}