{"id":4159,"date":"2023-05-15T07:34:26","date_gmt":"2023-05-15T07:34:26","guid":{"rendered":"https:\/\/store.rektor.no\/?product=idaho-lady-0200977-2"},"modified":"2023-05-15T07:34:34","modified_gmt":"2023-05-15T07:34:34","slug":"idaho-lady-0200977-2","status":"publish","type":"product","link":"https:\/\/store.rektor.no\/?product=idaho-lady-0200977-2","title":{"rendered":"Idaho Lady &#8211; 0200977"},"content":{"rendered":"<p>Artikelnummer:0200977<\/p>\n","protected":false},"excerpt":{"rendered":"<p>En varm, men likevel lett jakke med dunlignende vattering. Laget av 100 % resirkulert polyamid. Avtagbar hette, tre utvendige lommer med glidel\u00e5s, og to innerlommer. Elastisk teip i nederkant og p\u00e5 ermeavslutningene. Leveres med farget stropp (til oppheng), \u00f8retelefonl\u00f8sning og glidel\u00e5strekkere.<\/p>\n","protected":false},"featured_media":1246,"template":"","meta":[],"product_cat":[106,107,109],"product_tag":[],"_links":{"self":[{"href":"https:\/\/store.rektor.no\/index.php?rest_route=\/wp\/v2\/product\/4159"}],"collection":[{"href":"https:\/\/store.rektor.no\/index.php?rest_route=\/wp\/v2\/product"}],"about":[{"href":"https:\/\/store.rektor.no\/index.php?rest_route=\/wp\/v2\/types\/product"}],"wp:featuredmedia":[{"embeddable":true,"href":"https:\/\/store.rektor.no\/index.php?rest_route=\/wp\/v2\/media\/1246"}],"wp:attachment":[{"href":"https:\/\/store.rektor.no\/index.php?rest_route=%2Fwp%2Fv2%2Fmedia&parent=4159"}],"wp:term":[{"taxonomy":"product_cat","embeddable":true,"href":"https:\/\/store.rektor.no\/index.php?rest_route=%2Fwp%2Fv2%2Fproduct_cat&post=4159"},{"taxonomy":"product_tag","embeddable":true,"href":"https:\/\/store.rektor.no\/index.php?rest_route=%2Fwp%2Fv2%2Fproduct_tag&post=4159"}],"curies":[{"name":"wp","href":"https:\/\/api.w.org\/{rel}","templated":true}]}}