{"id":4138,"date":"2023-05-15T07:34:22","date_gmt":"2023-05-15T07:34:22","guid":{"rendered":"https:\/\/store.rektor.no\/?product=idaho-0200976-2"},"modified":"2023-05-15T07:34:29","modified_gmt":"2023-05-15T07:34:29","slug":"idaho-0200976-2","status":"publish","type":"product","link":"https:\/\/store.rektor.no\/?product=idaho-0200976-2","title":{"rendered":"Idaho &#8211; 0200976"},"content":{"rendered":"<p>Artikelnummer:0200976<\/p>\n","protected":false},"excerpt":{"rendered":"<p>En varm, men likevel lett jakke med dunlignende vattering. Laget av 100 % resirkulert polyamid. Avtagbar hette, tre utvendige lommer med glidel\u00e5s, og to innerlommer. Elastisk teip i nederkant og p\u00e5 ermeavslutningene. Leveres med farget stropp (til oppheng), \u00f8retelefonl\u00f8sning og glidel\u00e5strekkere.<\/p>\n","protected":false},"featured_media":1222,"template":"","meta":[],"product_cat":[106,107,109],"product_tag":[],"_links":{"self":[{"href":"https:\/\/store.rektor.no\/index.php?rest_route=\/wp\/v2\/product\/4138"}],"collection":[{"href":"https:\/\/store.rektor.no\/index.php?rest_route=\/wp\/v2\/product"}],"about":[{"href":"https:\/\/store.rektor.no\/index.php?rest_route=\/wp\/v2\/types\/product"}],"wp:featuredmedia":[{"embeddable":true,"href":"https:\/\/store.rektor.no\/index.php?rest_route=\/wp\/v2\/media\/1222"}],"wp:attachment":[{"href":"https:\/\/store.rektor.no\/index.php?rest_route=%2Fwp%2Fv2%2Fmedia&parent=4138"}],"wp:term":[{"taxonomy":"product_cat","embeddable":true,"href":"https:\/\/store.rektor.no\/index.php?rest_route=%2Fwp%2Fv2%2Fproduct_cat&post=4138"},{"taxonomy":"product_tag","embeddable":true,"href":"https:\/\/store.rektor.no\/index.php?rest_route=%2Fwp%2Fv2%2Fproduct_tag&post=4138"}],"curies":[{"name":"wp","href":"https:\/\/api.w.org\/{rel}","templated":true}]}}