{"id":4084,"date":"2023-05-15T07:34:08","date_gmt":"2023-05-15T07:34:08","guid":{"rendered":"https:\/\/store.rektor.no\/?product=willmar-0200964-2"},"modified":"2023-05-15T07:34:11","modified_gmt":"2023-05-15T07:34:11","slug":"willmar-0200964-2","status":"publish","type":"product","link":"https:\/\/store.rektor.no\/?product=willmar-0200964-2","title":{"rendered":"Willmar &#8211; 0200964"},"content":{"rendered":"<p>Artikelnummer:0200964<\/p>\n","protected":false},"excerpt":{"rendered":"<p>Reflekterende vindjakke med hette. Bird Eye-f\u00f4r i hetten og armhulene gir \u00f8kt komfort og pusteevne. Tre utvendige lommer med glidel\u00e5s og to innerlommer. Kontrastfarget teip rundt hette, nederkant og ermeavslutning.<\/p>\n","protected":false},"featured_media":1160,"template":"","meta":[],"product_cat":[106,107,114],"product_tag":[],"_links":{"self":[{"href":"https:\/\/store.rektor.no\/index.php?rest_route=\/wp\/v2\/product\/4084"}],"collection":[{"href":"https:\/\/store.rektor.no\/index.php?rest_route=\/wp\/v2\/product"}],"about":[{"href":"https:\/\/store.rektor.no\/index.php?rest_route=\/wp\/v2\/types\/product"}],"wp:featuredmedia":[{"embeddable":true,"href":"https:\/\/store.rektor.no\/index.php?rest_route=\/wp\/v2\/media\/1160"}],"wp:attachment":[{"href":"https:\/\/store.rektor.no\/index.php?rest_route=%2Fwp%2Fv2%2Fmedia&parent=4084"}],"wp:term":[{"taxonomy":"product_cat","embeddable":true,"href":"https:\/\/store.rektor.no\/index.php?rest_route=%2Fwp%2Fv2%2Fproduct_cat&post=4084"},{"taxonomy":"product_tag","embeddable":true,"href":"https:\/\/store.rektor.no\/index.php?rest_route=%2Fwp%2Fv2%2Fproduct_tag&post=4084"}],"curies":[{"name":"wp","href":"https:\/\/api.w.org\/{rel}","templated":true}]}}