{"id":3997,"date":"2023-05-15T07:33:50","date_gmt":"2023-05-15T07:33:50","guid":{"rendered":"https:\/\/store.rektor.no\/?product=padded-softshell-0200954-2"},"modified":"2023-05-15T07:34:02","modified_gmt":"2023-05-15T07:34:02","slug":"padded-softshell-0200954-2","status":"publish","type":"product","link":"https:\/\/store.rektor.no\/?product=padded-softshell-0200954-2","title":{"rendered":"Padded Softshell &#8211; 0200954"},"content":{"rendered":"<p>Artikelnummer:0200954<\/p>\n","protected":false},"excerpt":{"rendered":"<p>En vattert softshelljakke i rent snitt. Tre ytterlommer med reverserte SBS-glidel\u00e5ser og en innerlomme. Jakken har svart f\u00f4r og broderingslomme med glidel\u00e5s. Avtagbar etikett i nakken.<\/p>\n","protected":false},"featured_media":1060,"template":"","meta":[],"product_cat":[106,107,108],"product_tag":[],"_links":{"self":[{"href":"https:\/\/store.rektor.no\/index.php?rest_route=\/wp\/v2\/product\/3997"}],"collection":[{"href":"https:\/\/store.rektor.no\/index.php?rest_route=\/wp\/v2\/product"}],"about":[{"href":"https:\/\/store.rektor.no\/index.php?rest_route=\/wp\/v2\/types\/product"}],"wp:featuredmedia":[{"embeddable":true,"href":"https:\/\/store.rektor.no\/index.php?rest_route=\/wp\/v2\/media\/1060"}],"wp:attachment":[{"href":"https:\/\/store.rektor.no\/index.php?rest_route=%2Fwp%2Fv2%2Fmedia&parent=3997"}],"wp:term":[{"taxonomy":"product_cat","embeddable":true,"href":"https:\/\/store.rektor.no\/index.php?rest_route=%2Fwp%2Fv2%2Fproduct_cat&post=3997"},{"taxonomy":"product_tag","embeddable":true,"href":"https:\/\/store.rektor.no\/index.php?rest_route=%2Fwp%2Fv2%2Fproduct_tag&post=3997"}],"curies":[{"name":"wp","href":"https:\/\/api.w.org\/{rel}","templated":true}]}}