{"id":3969,"date":"2023-05-15T07:33:40","date_gmt":"2023-05-15T07:33:40","guid":{"rendered":"https:\/\/store.rektor.no\/?product=classic-shell-jacket-0200923-2"},"modified":"2023-05-15T07:33:49","modified_gmt":"2023-05-15T07:33:49","slug":"classic-shell-jacket-0200923-2","status":"publish","type":"product","link":"https:\/\/store.rektor.no\/?product=classic-shell-jacket-0200923-2","title":{"rendered":"Classic Shell Jacket &#8211; 0200923"},"content":{"rendered":"<p>Artikelnummer:0200923<\/p>\n","protected":false},"excerpt":{"rendered":"<p>Sv\u00e6rt funksjonell og detaljert skalljakke laget av 100 % resirkulert polyester. Alle utvendige glidel\u00e5ser er vanntette. To utvendige lommer med glidel\u00e5s og to innerlommer. Opprullbar hette med sn\u00f8ring, justerbare borrel\u00e5smansjetter og sn\u00f8ring i nederkant. Teipede s\u00f8mmer. WP 3000 \/ MVP 800<\/p>\n","protected":false},"featured_media":1028,"template":"","meta":[],"product_cat":[106,107,114],"product_tag":[],"_links":{"self":[{"href":"https:\/\/store.rektor.no\/index.php?rest_route=\/wp\/v2\/product\/3969"}],"collection":[{"href":"https:\/\/store.rektor.no\/index.php?rest_route=\/wp\/v2\/product"}],"about":[{"href":"https:\/\/store.rektor.no\/index.php?rest_route=\/wp\/v2\/types\/product"}],"wp:featuredmedia":[{"embeddable":true,"href":"https:\/\/store.rektor.no\/index.php?rest_route=\/wp\/v2\/media\/1028"}],"wp:attachment":[{"href":"https:\/\/store.rektor.no\/index.php?rest_route=%2Fwp%2Fv2%2Fmedia&parent=3969"}],"wp:term":[{"taxonomy":"product_cat","embeddable":true,"href":"https:\/\/store.rektor.no\/index.php?rest_route=%2Fwp%2Fv2%2Fproduct_cat&post=3969"},{"taxonomy":"product_tag","embeddable":true,"href":"https:\/\/store.rektor.no\/index.php?rest_route=%2Fwp%2Fv2%2Fproduct_tag&post=3969"}],"curies":[{"name":"wp","href":"https:\/\/api.w.org\/{rel}","templated":true}]}}