{"id":3937,"date":"2023-05-15T07:33:36","date_gmt":"2023-05-15T07:33:36","guid":{"rendered":"https:\/\/store.rektor.no\/?product=classic-softshell-hoody-lady-0200917-2"},"modified":"2023-05-15T07:33:44","modified_gmt":"2023-05-15T07:33:44","slug":"classic-softshell-hoody-lady-0200917-2","status":"publish","type":"product","link":"https:\/\/store.rektor.no\/?product=classic-softshell-hoody-lady-0200917-2","title":{"rendered":"Classic Softshell Hoody Lady &#8211; 0200917"},"content":{"rendered":"<p>Artikelnummer:0200917<\/p>\n","protected":false},"excerpt":{"rendered":"<p>V\u00e5r 3-lags softshelljakke med hette, laget av resirkulert polyester. Ton-i-ton reversert glidel\u00e5s i front. Tre utvendige lommer og to innerlommer. Avtagbar hette. Elastisk teip i nederkant og justerbare borrel\u00e5s i ermeavslutningene. WP 3000 \/ MVP 1000<\/p>\n","protected":false},"featured_media":991,"template":"","meta":[],"product_cat":[106,107,108],"product_tag":[],"_links":{"self":[{"href":"https:\/\/store.rektor.no\/index.php?rest_route=\/wp\/v2\/product\/3937"}],"collection":[{"href":"https:\/\/store.rektor.no\/index.php?rest_route=\/wp\/v2\/product"}],"about":[{"href":"https:\/\/store.rektor.no\/index.php?rest_route=\/wp\/v2\/types\/product"}],"wp:featuredmedia":[{"embeddable":true,"href":"https:\/\/store.rektor.no\/index.php?rest_route=\/wp\/v2\/media\/991"}],"wp:attachment":[{"href":"https:\/\/store.rektor.no\/index.php?rest_route=%2Fwp%2Fv2%2Fmedia&parent=3937"}],"wp:term":[{"taxonomy":"product_cat","embeddable":true,"href":"https:\/\/store.rektor.no\/index.php?rest_route=%2Fwp%2Fv2%2Fproduct_cat&post=3937"},{"taxonomy":"product_tag","embeddable":true,"href":"https:\/\/store.rektor.no\/index.php?rest_route=%2Fwp%2Fv2%2Fproduct_tag&post=3937"}],"curies":[{"name":"wp","href":"https:\/\/api.w.org\/{rel}","templated":true}]}}