{"id":3825,"date":"2023-05-15T07:33:10","date_gmt":"2023-05-15T07:33:10","guid":{"rendered":"https:\/\/store.rektor.no\/?product=classic-softshell-jkt-lady-0200915-2"},"modified":"2023-05-15T07:33:26","modified_gmt":"2023-05-15T07:33:26","slug":"classic-softshell-jkt-lady-0200915-2","status":"publish","type":"product","link":"https:\/\/store.rektor.no\/?product=classic-softshell-jkt-lady-0200915-2","title":{"rendered":"Classic Softshell Jkt Lady &#8211; 0200915"},"content":{"rendered":"<p>Artikelnummer:0200915<\/p>\n","protected":false},"excerpt":{"rendered":"<p>V\u00e5r 3-lags softshelljakke med resirkulert polyester. Ton-i-ton reversert glidel\u00e5s i front. Tre utvendige lommer og to innerlommer. Elastisk teip i nederkant og p\u00e5 ermeavslutningene. WP 3000 \/ MVP 1000<\/p>\n","protected":false},"featured_media":861,"template":"","meta":[],"product_cat":[106,107,108],"product_tag":[],"_links":{"self":[{"href":"https:\/\/store.rektor.no\/index.php?rest_route=\/wp\/v2\/product\/3825"}],"collection":[{"href":"https:\/\/store.rektor.no\/index.php?rest_route=\/wp\/v2\/product"}],"about":[{"href":"https:\/\/store.rektor.no\/index.php?rest_route=\/wp\/v2\/types\/product"}],"wp:featuredmedia":[{"embeddable":true,"href":"https:\/\/store.rektor.no\/index.php?rest_route=\/wp\/v2\/media\/861"}],"wp:attachment":[{"href":"https:\/\/store.rektor.no\/index.php?rest_route=%2Fwp%2Fv2%2Fmedia&parent=3825"}],"wp:term":[{"taxonomy":"product_cat","embeddable":true,"href":"https:\/\/store.rektor.no\/index.php?rest_route=%2Fwp%2Fv2%2Fproduct_cat&post=3825"},{"taxonomy":"product_tag","embeddable":true,"href":"https:\/\/store.rektor.no\/index.php?rest_route=%2Fwp%2Fv2%2Fproduct_tag&post=3825"}],"curies":[{"name":"wp","href":"https:\/\/api.w.org\/{rel}","templated":true}]}}