{"id":3789,"date":"2023-05-15T07:33:01","date_gmt":"2023-05-15T07:33:01","guid":{"rendered":"https:\/\/store.rektor.no\/?product=classic-softshell-hoody-0200912-2"},"modified":"2023-05-15T07:33:13","modified_gmt":"2023-05-15T07:33:13","slug":"classic-softshell-hoody-0200912-2","status":"publish","type":"product","link":"https:\/\/store.rektor.no\/?product=classic-softshell-hoody-0200912-2","title":{"rendered":"Classic Softshell Hoody &#8211; 0200912"},"content":{"rendered":"<p>Artikelnummer:0200912<\/p>\n","protected":false},"excerpt":{"rendered":"<p>V\u00e5r 3-lags softshelljakke med hette, laget av resirkulert polyester. Ton-i-ton reversert glidel\u00e5s i front. Tre utvendige lommer og to innerlommer. Avtagbar hette. Elastisk teip i nederkant og justerbare borrel\u00e5s i ermeavslutningene. WP 3000 \/ MVP 1000<\/p>\n","protected":false},"featured_media":820,"template":"","meta":[],"product_cat":[106,107,108],"product_tag":[],"_links":{"self":[{"href":"https:\/\/store.rektor.no\/index.php?rest_route=\/wp\/v2\/product\/3789"}],"collection":[{"href":"https:\/\/store.rektor.no\/index.php?rest_route=\/wp\/v2\/product"}],"about":[{"href":"https:\/\/store.rektor.no\/index.php?rest_route=\/wp\/v2\/types\/product"}],"wp:featuredmedia":[{"embeddable":true,"href":"https:\/\/store.rektor.no\/index.php?rest_route=\/wp\/v2\/media\/820"}],"wp:attachment":[{"href":"https:\/\/store.rektor.no\/index.php?rest_route=%2Fwp%2Fv2%2Fmedia&parent=3789"}],"wp:term":[{"taxonomy":"product_cat","embeddable":true,"href":"https:\/\/store.rektor.no\/index.php?rest_route=%2Fwp%2Fv2%2Fproduct_cat&post=3789"},{"taxonomy":"product_tag","embeddable":true,"href":"https:\/\/store.rektor.no\/index.php?rest_route=%2Fwp%2Fv2%2Fproduct_tag&post=3789"}],"curies":[{"name":"wp","href":"https:\/\/api.w.org\/{rel}","templated":true}]}}