{"id":3455,"date":"2023-05-12T13:12:59","date_gmt":"2023-05-12T13:12:59","guid":{"rendered":"https:\/\/store.rektor.no\/?product=helix-021018"},"modified":"2023-06-02T13:10:03","modified_gmt":"2023-06-02T13:10:03","slug":"helix-021018","status":"publish","type":"product","link":"https:\/\/store.rektor.no\/?product=helix-021018","title":{"rendered":"Helix &#8211; 021018"},"content":{"rendered":"<p>Artikelnummer:021018<\/p>\n","protected":false},"excerpt":{"rendered":"<p>Hettegenser med f\u00f4r i hetten. Kengurulomme og en skjult lomme i sides\u00f8mmen. Raglanermer og 2&#215;2 elastan ribb i sidepaneler, mansjetter og bunnstykket. Nakkeb\u00e5nd med fiskebensm\u00f8nster og flate snorer. L\u00f8sning for hodetelefoner.<\/p>\n","protected":false},"featured_media":3456,"template":"","meta":[],"product_cat":[106,184,179],"product_tag":[],"_links":{"self":[{"href":"https:\/\/store.rektor.no\/index.php?rest_route=\/wp\/v2\/product\/3455"}],"collection":[{"href":"https:\/\/store.rektor.no\/index.php?rest_route=\/wp\/v2\/product"}],"about":[{"href":"https:\/\/store.rektor.no\/index.php?rest_route=\/wp\/v2\/types\/product"}],"wp:featuredmedia":[{"embeddable":true,"href":"https:\/\/store.rektor.no\/index.php?rest_route=\/wp\/v2\/media\/3456"}],"wp:attachment":[{"href":"https:\/\/store.rektor.no\/index.php?rest_route=%2Fwp%2Fv2%2Fmedia&parent=3455"}],"wp:term":[{"taxonomy":"product_cat","embeddable":true,"href":"https:\/\/store.rektor.no\/index.php?rest_route=%2Fwp%2Fv2%2Fproduct_cat&post=3455"},{"taxonomy":"product_tag","embeddable":true,"href":"https:\/\/store.rektor.no\/index.php?rest_route=%2Fwp%2Fv2%2Fproduct_tag&post=3455"}],"curies":[{"name":"wp","href":"https:\/\/api.w.org\/{rel}","templated":true}]}}