{"id":3428,"date":"2023-05-12T13:12:55","date_gmt":"2023-05-12T13:12:55","guid":{"rendered":"https:\/\/store.rektor.no\/?product=basic-active-pants-021017"},"modified":"2023-06-02T13:09:59","modified_gmt":"2023-06-02T13:09:59","slug":"basic-active-pants-021017","status":"publish","type":"product","link":"https:\/\/store.rektor.no\/?product=basic-active-pants-021017","title":{"rendered":"Basic Active Pants &#8211; 021017"},"content":{"rendered":"<p>Artikelnummer:021017<\/p>\n","protected":false},"excerpt":{"rendered":"<p>Sporty bukse i unisexmodell. Elastisk sn\u00f8ring i livet. To sidelommer med glidel\u00e5s. Elastsk benavslutning med glidel\u00e5s. Spun dyed. Avtagbar etikett.<\/p>\n","protected":false},"featured_media":3429,"template":"","meta":[],"product_cat":[106,124,123,186],"product_tag":[],"_links":{"self":[{"href":"https:\/\/store.rektor.no\/index.php?rest_route=\/wp\/v2\/product\/3428"}],"collection":[{"href":"https:\/\/store.rektor.no\/index.php?rest_route=\/wp\/v2\/product"}],"about":[{"href":"https:\/\/store.rektor.no\/index.php?rest_route=\/wp\/v2\/types\/product"}],"wp:featuredmedia":[{"embeddable":true,"href":"https:\/\/store.rektor.no\/index.php?rest_route=\/wp\/v2\/media\/3429"}],"wp:attachment":[{"href":"https:\/\/store.rektor.no\/index.php?rest_route=%2Fwp%2Fv2%2Fmedia&parent=3428"}],"wp:term":[{"taxonomy":"product_cat","embeddable":true,"href":"https:\/\/store.rektor.no\/index.php?rest_route=%2Fwp%2Fv2%2Fproduct_cat&post=3428"},{"taxonomy":"product_tag","embeddable":true,"href":"https:\/\/store.rektor.no\/index.php?rest_route=%2Fwp%2Fv2%2Fproduct_tag&post=3428"}],"curies":[{"name":"wp","href":"https:\/\/api.w.org\/{rel}","templated":true}]}}