{"id":3383,"date":"2023-05-12T13:12:45","date_gmt":"2023-05-12T13:12:45","guid":{"rendered":"https:\/\/store.rektor.no\/?product=basic-active-cardigan-021016"},"modified":"2023-06-02T13:09:56","modified_gmt":"2023-06-02T13:09:56","slug":"basic-active-cardigan-021016","status":"publish","type":"product","link":"https:\/\/store.rektor.no\/?product=basic-active-cardigan-021016","title":{"rendered":"Basic Active Cardigan &#8211; 021016"},"content":{"rendered":"<p>Artikelnummer:021016<\/p>\n","protected":false},"excerpt":{"rendered":"<p>Cardigan med ton-i-ton glidel\u00e5s. To sidelommer og lomme med glidel\u00e5s p\u00e5 ermet. Herringbone nakkeb\u00e5nd og ribb i nederkant og ermavslutning. Tilpasset for hodetelefoner. Spun dyed. Avtagbar etikett i nakken.<\/p>\n","protected":false},"featured_media":3384,"template":"","meta":[],"product_cat":[106,179,180],"product_tag":[],"_links":{"self":[{"href":"https:\/\/store.rektor.no\/index.php?rest_route=\/wp\/v2\/product\/3383"}],"collection":[{"href":"https:\/\/store.rektor.no\/index.php?rest_route=\/wp\/v2\/product"}],"about":[{"href":"https:\/\/store.rektor.no\/index.php?rest_route=\/wp\/v2\/types\/product"}],"wp:featuredmedia":[{"embeddable":true,"href":"https:\/\/store.rektor.no\/index.php?rest_route=\/wp\/v2\/media\/3384"}],"wp:attachment":[{"href":"https:\/\/store.rektor.no\/index.php?rest_route=%2Fwp%2Fv2%2Fmedia&parent=3383"}],"wp:term":[{"taxonomy":"product_cat","embeddable":true,"href":"https:\/\/store.rektor.no\/index.php?rest_route=%2Fwp%2Fv2%2Fproduct_cat&post=3383"},{"taxonomy":"product_tag","embeddable":true,"href":"https:\/\/store.rektor.no\/index.php?rest_route=%2Fwp%2Fv2%2Fproduct_tag&post=3383"}],"curies":[{"name":"wp","href":"https:\/\/api.w.org\/{rel}","templated":true}]}}