{"id":2808,"date":"2023-05-12T13:10:39","date_gmt":"2023-05-12T13:10:39","guid":{"rendered":"https:\/\/store.rektor.no\/?product=premium-oc-roundneck-ladies-021001"},"modified":"2023-06-02T13:08:34","modified_gmt":"2023-06-02T13:08:34","slug":"premium-oc-roundneck-ladies-021001","status":"publish","type":"product","link":"https:\/\/store.rektor.no\/?product=premium-oc-roundneck-ladies-021001","title":{"rendered":"Premium OC Roundneck Ladies &#8211; 021001"},"content":{"rendered":"<p>Artikelnummer:021001<\/p>\n","protected":false},"excerpt":{"rendered":"<p>V\u00e5r fineste sweatshirt til dame i en \u00f8kologisk bomull og resirkulert polyesterblanding. Dekorativ ermavslutning og nedekant med raglans\u00f8m for et moderne utseende. Skjult sidelomme med glidel\u00e5s. CVC french terry, herringbone nakkeb\u00e5nd og ribb i nedekant og ermavslutning. Elastisk ribb i 1&#215;1. Tilpasset for hodetelefoner.<\/p>\n","protected":false},"featured_media":2809,"template":"","meta":[],"product_cat":[106,179,180],"product_tag":[],"_links":{"self":[{"href":"https:\/\/store.rektor.no\/index.php?rest_route=\/wp\/v2\/product\/2808"}],"collection":[{"href":"https:\/\/store.rektor.no\/index.php?rest_route=\/wp\/v2\/product"}],"about":[{"href":"https:\/\/store.rektor.no\/index.php?rest_route=\/wp\/v2\/types\/product"}],"wp:featuredmedia":[{"embeddable":true,"href":"https:\/\/store.rektor.no\/index.php?rest_route=\/wp\/v2\/media\/2809"}],"wp:attachment":[{"href":"https:\/\/store.rektor.no\/index.php?rest_route=%2Fwp%2Fv2%2Fmedia&parent=2808"}],"wp:term":[{"taxonomy":"product_cat","embeddable":true,"href":"https:\/\/store.rektor.no\/index.php?rest_route=%2Fwp%2Fv2%2Fproduct_cat&post=2808"},{"taxonomy":"product_tag","embeddable":true,"href":"https:\/\/store.rektor.no\/index.php?rest_route=%2Fwp%2Fv2%2Fproduct_tag&post=2808"}],"curies":[{"name":"wp","href":"https:\/\/api.w.org\/{rel}","templated":true}]}}