{"id":2765,"date":"2023-05-12T13:10:34","date_gmt":"2023-05-12T13:10:34","guid":{"rendered":"https:\/\/store.rektor.no\/?product=premium-oc-roundneck-021000"},"modified":"2023-06-02T13:08:29","modified_gmt":"2023-06-02T13:08:29","slug":"premium-oc-roundneck-021000","status":"publish","type":"product","link":"https:\/\/store.rektor.no\/?product=premium-oc-roundneck-021000","title":{"rendered":"Premium OC Roundneck &#8211; 021000"},"content":{"rendered":"<p>Artikelnummer:021000<\/p>\n","protected":false},"excerpt":{"rendered":"<p>V\u00e5r fineste sweatshirt i en \u00f8kologisk bomull og resirkulert polyesterblanding. Dekorativ ermavslutning og nedekant med raglans\u00f8m for et moderne utseende. Skjult sidelomme med glidel\u00e5s. CVC french terry, herringbone nakkeb\u00e5nd og ribb i nedekant og ermavslutning. Elastisk ribb i 1&#215;1. Tilpasset for hodetelefoner.<\/p>\n","protected":false},"featured_media":2766,"template":"","meta":[],"product_cat":[106,179,180],"product_tag":[],"_links":{"self":[{"href":"https:\/\/store.rektor.no\/index.php?rest_route=\/wp\/v2\/product\/2765"}],"collection":[{"href":"https:\/\/store.rektor.no\/index.php?rest_route=\/wp\/v2\/product"}],"about":[{"href":"https:\/\/store.rektor.no\/index.php?rest_route=\/wp\/v2\/types\/product"}],"wp:featuredmedia":[{"embeddable":true,"href":"https:\/\/store.rektor.no\/index.php?rest_route=\/wp\/v2\/media\/2766"}],"wp:attachment":[{"href":"https:\/\/store.rektor.no\/index.php?rest_route=%2Fwp%2Fv2%2Fmedia&parent=2765"}],"wp:term":[{"taxonomy":"product_cat","embeddable":true,"href":"https:\/\/store.rektor.no\/index.php?rest_route=%2Fwp%2Fv2%2Fproduct_cat&post=2765"},{"taxonomy":"product_tag","embeddable":true,"href":"https:\/\/store.rektor.no\/index.php?rest_route=%2Fwp%2Fv2%2Fproduct_tag&post=2765"}],"curies":[{"name":"wp","href":"https:\/\/api.w.org\/{rel}","templated":true}]}}