{"id":2750,"date":"2023-05-12T13:10:29","date_gmt":"2023-05-12T13:10:29","guid":{"rendered":"https:\/\/store.rektor.no\/?product=dumas-020998"},"modified":"2023-06-02T13:08:22","modified_gmt":"2023-06-02T13:08:22","slug":"dumas-020998","status":"publish","type":"product","link":"https:\/\/store.rektor.no\/?product=dumas-020998","title":{"rendered":"Dumas &#8211; 020998"},"content":{"rendered":"<p>Artikelnummer:020998<\/p>\n","protected":false},"excerpt":{"rendered":"<p>En varm vattert jakke laget for kalde og m\u00f8rke forhold. Reflekterende detaljer, avtagbar og justerbar hette, vanntette SBS-glidel\u00e5ser i front og p\u00e5 frontlommene. To store indre lommer av mesh. Sn\u00f8ring i nederkant p\u00e5 herremodellen og sn\u00f8ring i livet p\u00e5 damemodellen. Justerbare mansjetter med borrel\u00e5s, samt indre mansjetter med 2&#215;2 ribb i ermene. Jakken har to broderingslommer.<\/p>\n","protected":false},"featured_media":2751,"template":"","meta":[],"product_cat":[106,107,109],"product_tag":[],"_links":{"self":[{"href":"https:\/\/store.rektor.no\/index.php?rest_route=\/wp\/v2\/product\/2750"}],"collection":[{"href":"https:\/\/store.rektor.no\/index.php?rest_route=\/wp\/v2\/product"}],"about":[{"href":"https:\/\/store.rektor.no\/index.php?rest_route=\/wp\/v2\/types\/product"}],"wp:featuredmedia":[{"embeddable":true,"href":"https:\/\/store.rektor.no\/index.php?rest_route=\/wp\/v2\/media\/2751"}],"wp:attachment":[{"href":"https:\/\/store.rektor.no\/index.php?rest_route=%2Fwp%2Fv2%2Fmedia&parent=2750"}],"wp:term":[{"taxonomy":"product_cat","embeddable":true,"href":"https:\/\/store.rektor.no\/index.php?rest_route=%2Fwp%2Fv2%2Fproduct_cat&post=2750"},{"taxonomy":"product_tag","embeddable":true,"href":"https:\/\/store.rektor.no\/index.php?rest_route=%2Fwp%2Fv2%2Fproduct_tag&post=2750"}],"curies":[{"name":"wp","href":"https:\/\/api.w.org\/{rel}","templated":true}]}}