{"id":2424,"date":"2023-05-12T13:09:20","date_gmt":"2023-05-12T13:09:20","guid":{"rendered":"https:\/\/store.rektor.no\/?product=kingslake-020970"},"modified":"2023-06-02T13:07:43","modified_gmt":"2023-06-02T13:07:43","slug":"kingslake-020970","status":"publish","type":"product","link":"https:\/\/store.rektor.no\/?product=kingslake-020970","title":{"rendered":"Kingslake &#8211; 020970"},"content":{"rendered":"<p>Artikelnummer:020970<\/p>\n","protected":false},"excerpt":{"rendered":"<p>F\u00f4ret, vind- og vanntett jakke. Fire ytterlommer med glidel\u00e5s, en innvendig lomme med glidel\u00e5s og to innvendige mesh lommer. Avtagbar hette og skjulte mansjetter nederst p\u00e5 armene. Tilpasset for hodetelefoner.<\/p>\n","protected":false},"featured_media":2425,"template":"","meta":[],"product_cat":[106,107,114],"product_tag":[],"_links":{"self":[{"href":"https:\/\/store.rektor.no\/index.php?rest_route=\/wp\/v2\/product\/2424"}],"collection":[{"href":"https:\/\/store.rektor.no\/index.php?rest_route=\/wp\/v2\/product"}],"about":[{"href":"https:\/\/store.rektor.no\/index.php?rest_route=\/wp\/v2\/types\/product"}],"wp:featuredmedia":[{"embeddable":true,"href":"https:\/\/store.rektor.no\/index.php?rest_route=\/wp\/v2\/media\/2425"}],"wp:attachment":[{"href":"https:\/\/store.rektor.no\/index.php?rest_route=%2Fwp%2Fv2%2Fmedia&parent=2424"}],"wp:term":[{"taxonomy":"product_cat","embeddable":true,"href":"https:\/\/store.rektor.no\/index.php?rest_route=%2Fwp%2Fv2%2Fproduct_cat&post=2424"},{"taxonomy":"product_tag","embeddable":true,"href":"https:\/\/store.rektor.no\/index.php?rest_route=%2Fwp%2Fv2%2Fproduct_tag&post=2424"}],"curies":[{"name":"wp","href":"https:\/\/api.w.org\/{rel}","templated":true}]}}