{"id":2392,"date":"2023-05-12T13:09:11","date_gmt":"2023-05-12T13:09:11","guid":{"rendered":"https:\/\/store.rektor.no\/?product=newport-020969"},"modified":"2023-06-02T13:07:38","modified_gmt":"2023-06-02T13:07:38","slug":"newport-020969","status":"publish","type":"product","link":"https:\/\/store.rektor.no\/?product=newport-020969","title":{"rendered":"Newport &#8211; 020969"},"content":{"rendered":"<p>Artikelnummer:020969<\/p>\n","protected":false},"excerpt":{"rendered":"<p>Fleecef\u00f4ret jakke i unisexmodell. To frontlommer med glidel\u00e5s og lomme til \u00e5 varme hendene. Hvite kontraststriper i ribb p\u00e5 nedekant.<\/p>\n","protected":false},"featured_media":2393,"template":"","meta":[],"product_cat":[106,120,107],"product_tag":[],"_links":{"self":[{"href":"https:\/\/store.rektor.no\/index.php?rest_route=\/wp\/v2\/product\/2392"}],"collection":[{"href":"https:\/\/store.rektor.no\/index.php?rest_route=\/wp\/v2\/product"}],"about":[{"href":"https:\/\/store.rektor.no\/index.php?rest_route=\/wp\/v2\/types\/product"}],"wp:featuredmedia":[{"embeddable":true,"href":"https:\/\/store.rektor.no\/index.php?rest_route=\/wp\/v2\/media\/2393"}],"wp:attachment":[{"href":"https:\/\/store.rektor.no\/index.php?rest_route=%2Fwp%2Fv2%2Fmedia&parent=2392"}],"wp:term":[{"taxonomy":"product_cat","embeddable":true,"href":"https:\/\/store.rektor.no\/index.php?rest_route=%2Fwp%2Fv2%2Fproduct_cat&post=2392"},{"taxonomy":"product_tag","embeddable":true,"href":"https:\/\/store.rektor.no\/index.php?rest_route=%2Fwp%2Fv2%2Fproduct_tag&post=2392"}],"curies":[{"name":"wp","href":"https:\/\/api.w.org\/{rel}","templated":true}]}}