{"id":2344,"date":"2023-05-12T13:09:01","date_gmt":"2023-05-12T13:09:01","guid":{"rendered":"https:\/\/store.rektor.no\/?product=hardy-020961"},"modified":"2023-06-02T13:07:31","modified_gmt":"2023-06-02T13:07:31","slug":"hardy-020961","status":"publish","type":"product","link":"https:\/\/store.rektor.no\/?product=hardy-020961","title":{"rendered":"Hardy &#8211; 020961"},"content":{"rendered":"<p>Artikelnummer:020961<\/p>\n","protected":false},"excerpt":{"rendered":"<p>Moderne vindjakke med hette samt metall-lignende glidel\u00e5ser. Meshf\u00f4r p\u00e5 innsiden. Kantb\u00e5nd p\u00e5 hette og nederkant av ermene i kontrastfarge.<\/p>\n","protected":false},"featured_media":2345,"template":"","meta":[],"product_cat":[106,107,114],"product_tag":[],"_links":{"self":[{"href":"https:\/\/store.rektor.no\/index.php?rest_route=\/wp\/v2\/product\/2344"}],"collection":[{"href":"https:\/\/store.rektor.no\/index.php?rest_route=\/wp\/v2\/product"}],"about":[{"href":"https:\/\/store.rektor.no\/index.php?rest_route=\/wp\/v2\/types\/product"}],"wp:featuredmedia":[{"embeddable":true,"href":"https:\/\/store.rektor.no\/index.php?rest_route=\/wp\/v2\/media\/2345"}],"wp:attachment":[{"href":"https:\/\/store.rektor.no\/index.php?rest_route=%2Fwp%2Fv2%2Fmedia&parent=2344"}],"wp:term":[{"taxonomy":"product_cat","embeddable":true,"href":"https:\/\/store.rektor.no\/index.php?rest_route=%2Fwp%2Fv2%2Fproduct_cat&post=2344"},{"taxonomy":"product_tag","embeddable":true,"href":"https:\/\/store.rektor.no\/index.php?rest_route=%2Fwp%2Fv2%2Fproduct_tag&post=2344"}],"curies":[{"name":"wp","href":"https:\/\/api.w.org\/{rel}","templated":true}]}}