{"id":2302,"date":"2023-05-12T13:08:51","date_gmt":"2023-05-12T13:08:51","guid":{"rendered":"https:\/\/store.rektor.no\/?product=padded-softshell-vest-w-020959"},"modified":"2023-06-02T13:07:26","modified_gmt":"2023-06-02T13:07:26","slug":"padded-softshell-vest-w-020959","status":"publish","type":"product","link":"https:\/\/store.rektor.no\/?product=padded-softshell-vest-w-020959","title":{"rendered":"Padded Softshell Vest W &#8211; 020959"},"content":{"rendered":"<p>Artikelnummer:020959<\/p>\n","protected":false},"excerpt":{"rendered":"<p>Padded Softshell Vest er en vattert softshellvest med tre ytterlommer med reverserte SBS-glidel\u00e5ser, \u00e9n innerlomme, broderingslomme og svart f\u00f4r.<\/p>\n","protected":false},"featured_media":2303,"template":"","meta":[],"product_cat":[106,107,164,110],"product_tag":[],"_links":{"self":[{"href":"https:\/\/store.rektor.no\/index.php?rest_route=\/wp\/v2\/product\/2302"}],"collection":[{"href":"https:\/\/store.rektor.no\/index.php?rest_route=\/wp\/v2\/product"}],"about":[{"href":"https:\/\/store.rektor.no\/index.php?rest_route=\/wp\/v2\/types\/product"}],"wp:featuredmedia":[{"embeddable":true,"href":"https:\/\/store.rektor.no\/index.php?rest_route=\/wp\/v2\/media\/2303"}],"wp:attachment":[{"href":"https:\/\/store.rektor.no\/index.php?rest_route=%2Fwp%2Fv2%2Fmedia&parent=2302"}],"wp:term":[{"taxonomy":"product_cat","embeddable":true,"href":"https:\/\/store.rektor.no\/index.php?rest_route=%2Fwp%2Fv2%2Fproduct_cat&post=2302"},{"taxonomy":"product_tag","embeddable":true,"href":"https:\/\/store.rektor.no\/index.php?rest_route=%2Fwp%2Fv2%2Fproduct_tag&post=2302"}],"curies":[{"name":"wp","href":"https:\/\/api.w.org\/{rel}","templated":true}]}}