{"id":2192,"date":"2023-05-12T13:08:33","date_gmt":"2023-05-12T13:08:33","guid":{"rendered":"https:\/\/store.rektor.no\/?product=bomber-jacket-020955"},"modified":"2023-06-02T13:07:10","modified_gmt":"2023-06-02T13:07:10","slug":"bomber-jacket-020955","status":"publish","type":"product","link":"https:\/\/store.rektor.no\/?product=bomber-jacket-020955","title":{"rendered":"Bomber Jacket &#8211; 020955"},"content":{"rendered":"<p>Artikelnummer:020955<\/p>\n","protected":false},"excerpt":{"rendered":"<p>Unisexjakke i &#8220;bomber&#8221; stil. Sidelommer med knapp og ermlomme med glidel\u00e5s og ekstra lomme p\u00e5 utsiden av lommen til penner. En innvendig lomme med glidel\u00e5s. AC coating og SBS glidel\u00e5ser.<\/p>\n","protected":false},"featured_media":2193,"template":"","meta":[],"product_cat":[106,120,107],"product_tag":[],"_links":{"self":[{"href":"https:\/\/store.rektor.no\/index.php?rest_route=\/wp\/v2\/product\/2192"}],"collection":[{"href":"https:\/\/store.rektor.no\/index.php?rest_route=\/wp\/v2\/product"}],"about":[{"href":"https:\/\/store.rektor.no\/index.php?rest_route=\/wp\/v2\/types\/product"}],"wp:featuredmedia":[{"embeddable":true,"href":"https:\/\/store.rektor.no\/index.php?rest_route=\/wp\/v2\/media\/2193"}],"wp:attachment":[{"href":"https:\/\/store.rektor.no\/index.php?rest_route=%2Fwp%2Fv2%2Fmedia&parent=2192"}],"wp:term":[{"taxonomy":"product_cat","embeddable":true,"href":"https:\/\/store.rektor.no\/index.php?rest_route=%2Fwp%2Fv2%2Fproduct_cat&post=2192"},{"taxonomy":"product_tag","embeddable":true,"href":"https:\/\/store.rektor.no\/index.php?rest_route=%2Fwp%2Fv2%2Fproduct_tag&post=2192"}],"curies":[{"name":"wp","href":"https:\/\/api.w.org\/{rel}","templated":true}]}}