{"id":1966,"date":"2023-05-12T13:07:42","date_gmt":"2023-05-12T13:07:42","guid":{"rendered":"https:\/\/store.rektor.no\/?product=webster-020936"},"modified":"2023-06-02T13:06:41","modified_gmt":"2023-06-02T13:06:41","slug":"webster-020936","status":"publish","type":"product","link":"https:\/\/store.rektor.no\/?product=webster-020936","title":{"rendered":"Webster &#8211; 020936"},"content":{"rendered":"<p>Artikelnummer:020936<\/p>\n","protected":false},"excerpt":{"rendered":"<p>Sporty og vanntett jakke i unisexmodell. Teipede s\u00f8mmer, to lommer i front med glidel\u00e5s. Borrel\u00e5s i ermavslutning. Justerbar hette og gode trykkemuligheter for logo.<\/p>\n","protected":false},"featured_media":1967,"template":"","meta":[],"product_cat":[106,120,107],"product_tag":[],"_links":{"self":[{"href":"https:\/\/store.rektor.no\/index.php?rest_route=\/wp\/v2\/product\/1966"}],"collection":[{"href":"https:\/\/store.rektor.no\/index.php?rest_route=\/wp\/v2\/product"}],"about":[{"href":"https:\/\/store.rektor.no\/index.php?rest_route=\/wp\/v2\/types\/product"}],"wp:featuredmedia":[{"embeddable":true,"href":"https:\/\/store.rektor.no\/index.php?rest_route=\/wp\/v2\/media\/1967"}],"wp:attachment":[{"href":"https:\/\/store.rektor.no\/index.php?rest_route=%2Fwp%2Fv2%2Fmedia&parent=1966"}],"wp:term":[{"taxonomy":"product_cat","embeddable":true,"href":"https:\/\/store.rektor.no\/index.php?rest_route=%2Fwp%2Fv2%2Fproduct_cat&post=1966"},{"taxonomy":"product_tag","embeddable":true,"href":"https:\/\/store.rektor.no\/index.php?rest_route=%2Fwp%2Fv2%2Fproduct_tag&post=1966"}],"curies":[{"name":"wp","href":"https:\/\/api.w.org\/{rel}","templated":true}]}}