{"id":1958,"date":"2023-05-12T13:07:42","date_gmt":"2023-05-12T13:07:42","guid":{"rendered":"https:\/\/store.rektor.no\/?product=custer-ladies-020934"},"modified":"2023-06-02T13:06:37","modified_gmt":"2023-06-02T13:06:37","slug":"custer-ladies-020934","status":"publish","type":"product","link":"https:\/\/store.rektor.no\/?product=custer-ladies-020934","title":{"rendered":"Custer Ladies &#8211; 020934"},"content":{"rendered":"<p>Artikelnummer:020934<\/p>\n","protected":false},"excerpt":{"rendered":"<p>En lett polstret fleecejakke med reflekterende trykk. To sidelommer med glidel\u00e5ser. Skjult lomme i ermet med glidel\u00e5s, to innerlommer og tommelhull. Leveres med l\u00f8sninger for \u00f8retelefoner.<\/p>\n","protected":false},"featured_media":1959,"template":"","meta":[],"product_cat":[106,148,149,107],"product_tag":[],"_links":{"self":[{"href":"https:\/\/store.rektor.no\/index.php?rest_route=\/wp\/v2\/product\/1958"}],"collection":[{"href":"https:\/\/store.rektor.no\/index.php?rest_route=\/wp\/v2\/product"}],"about":[{"href":"https:\/\/store.rektor.no\/index.php?rest_route=\/wp\/v2\/types\/product"}],"wp:featuredmedia":[{"embeddable":true,"href":"https:\/\/store.rektor.no\/index.php?rest_route=\/wp\/v2\/media\/1959"}],"wp:attachment":[{"href":"https:\/\/store.rektor.no\/index.php?rest_route=%2Fwp%2Fv2%2Fmedia&parent=1958"}],"wp:term":[{"taxonomy":"product_cat","embeddable":true,"href":"https:\/\/store.rektor.no\/index.php?rest_route=%2Fwp%2Fv2%2Fproduct_cat&post=1958"},{"taxonomy":"product_tag","embeddable":true,"href":"https:\/\/store.rektor.no\/index.php?rest_route=%2Fwp%2Fv2%2Fproduct_tag&post=1958"}],"curies":[{"name":"wp","href":"https:\/\/api.w.org\/{rel}","templated":true}]}}