{"id":1950,"date":"2023-05-12T13:07:38","date_gmt":"2023-05-12T13:07:38","guid":{"rendered":"https:\/\/store.rektor.no\/?product=custer-020933"},"modified":"2023-06-02T13:06:36","modified_gmt":"2023-06-02T13:06:36","slug":"custer-020933","status":"publish","type":"product","link":"https:\/\/store.rektor.no\/?product=custer-020933","title":{"rendered":"Custer &#8211; 020933"},"content":{"rendered":"<p>Artikelnummer:020933<\/p>\n","protected":false},"excerpt":{"rendered":"<p>En lett polstret fleecejakke med reflekterende trykk. To sidelommer med glidel\u00e5ser. Skjult lomme i ermet med glidel\u00e5s, to innerlommer og tommelhull. Leveres med l\u00f8sninger for \u00f8retelefoner.<\/p>\n","protected":false},"featured_media":1951,"template":"","meta":[],"product_cat":[106,148,149,107],"product_tag":[],"_links":{"self":[{"href":"https:\/\/store.rektor.no\/index.php?rest_route=\/wp\/v2\/product\/1950"}],"collection":[{"href":"https:\/\/store.rektor.no\/index.php?rest_route=\/wp\/v2\/product"}],"about":[{"href":"https:\/\/store.rektor.no\/index.php?rest_route=\/wp\/v2\/types\/product"}],"wp:featuredmedia":[{"embeddable":true,"href":"https:\/\/store.rektor.no\/index.php?rest_route=\/wp\/v2\/media\/1951"}],"wp:attachment":[{"href":"https:\/\/store.rektor.no\/index.php?rest_route=%2Fwp%2Fv2%2Fmedia&parent=1950"}],"wp:term":[{"taxonomy":"product_cat","embeddable":true,"href":"https:\/\/store.rektor.no\/index.php?rest_route=%2Fwp%2Fv2%2Fproduct_cat&post=1950"},{"taxonomy":"product_tag","embeddable":true,"href":"https:\/\/store.rektor.no\/index.php?rest_route=%2Fwp%2Fv2%2Fproduct_tag&post=1950"}],"curies":[{"name":"wp","href":"https:\/\/api.w.org\/{rel}","templated":true}]}}