{"id":1885,"date":"2023-05-12T13:07:23","date_gmt":"2023-05-12T13:07:23","guid":{"rendered":"https:\/\/store.rektor.no\/?product=basic-rain-jacket-020929"},"modified":"2023-06-02T13:06:28","modified_gmt":"2023-06-02T13:06:28","slug":"basic-rain-jacket-020929","status":"publish","type":"product","link":"https:\/\/store.rektor.no\/?product=basic-rain-jacket-020929","title":{"rendered":"Basic Rain Jacket &#8211; 020929"},"content":{"rendered":"<p>Artikelnummer:020929<\/p>\n","protected":false},"excerpt":{"rendered":"<p>Regnjakke i unisexmodell med teipede s\u00f8mmer og \u00e9n lomme. Gjennom lommen pakker du jakken enkelt sammen til en liten bag. Mulighet for \u00e5 trykke logo p\u00e5 bag.<\/p>\n","protected":false},"featured_media":1886,"template":"","meta":[],"product_cat":[106,107,139],"product_tag":[],"_links":{"self":[{"href":"https:\/\/store.rektor.no\/index.php?rest_route=\/wp\/v2\/product\/1885"}],"collection":[{"href":"https:\/\/store.rektor.no\/index.php?rest_route=\/wp\/v2\/product"}],"about":[{"href":"https:\/\/store.rektor.no\/index.php?rest_route=\/wp\/v2\/types\/product"}],"wp:featuredmedia":[{"embeddable":true,"href":"https:\/\/store.rektor.no\/index.php?rest_route=\/wp\/v2\/media\/1886"}],"wp:attachment":[{"href":"https:\/\/store.rektor.no\/index.php?rest_route=%2Fwp%2Fv2%2Fmedia&parent=1885"}],"wp:term":[{"taxonomy":"product_cat","embeddable":true,"href":"https:\/\/store.rektor.no\/index.php?rest_route=%2Fwp%2Fv2%2Fproduct_cat&post=1885"},{"taxonomy":"product_tag","embeddable":true,"href":"https:\/\/store.rektor.no\/index.php?rest_route=%2Fwp%2Fv2%2Fproduct_tag&post=1885"}],"curies":[{"name":"wp","href":"https:\/\/api.w.org\/{rel}","templated":true}]}}