{"id":1700,"date":"2023-05-12T13:06:45","date_gmt":"2023-05-12T13:06:45","guid":{"rendered":"https:\/\/store.rektor.no\/?product=basic-hoody-softshell-ladies-jacket-020917"},"modified":"2023-06-02T13:06:06","modified_gmt":"2023-06-02T13:06:06","slug":"basic-hoody-softshell-ladies-jacket-020917","status":"publish","type":"product","link":"https:\/\/store.rektor.no\/?product=basic-hoody-softshell-ladies-jacket-020917","title":{"rendered":"Basic Hoody Softshell Ladies Jacket &#8211; 020917"},"content":{"rendered":"<p>Artikelnummer:020917<\/p>\n","protected":false},"excerpt":{"rendered":"<p>Softshelljakke med avtagbar hette, tre ytterlommer med glidel\u00e5s og to innerlommer. Ton-i-ton glidel\u00e5ser. Borrel\u00e5s nederst p\u00e5 ermet. Stretchkvaliteten i jakken gj\u00f8r at man m\u00e5 velge en type transfer som er tilpasset softshell med stretch for \u00e5 unng\u00e5 at trykket lett bl\u00f8r igjennom.<\/p>\n","protected":false},"featured_media":1701,"template":"","meta":[],"product_cat":[106,107,108],"product_tag":[],"_links":{"self":[{"href":"https:\/\/store.rektor.no\/index.php?rest_route=\/wp\/v2\/product\/1700"}],"collection":[{"href":"https:\/\/store.rektor.no\/index.php?rest_route=\/wp\/v2\/product"}],"about":[{"href":"https:\/\/store.rektor.no\/index.php?rest_route=\/wp\/v2\/types\/product"}],"wp:featuredmedia":[{"embeddable":true,"href":"https:\/\/store.rektor.no\/index.php?rest_route=\/wp\/v2\/media\/1701"}],"wp:attachment":[{"href":"https:\/\/store.rektor.no\/index.php?rest_route=%2Fwp%2Fv2%2Fmedia&parent=1700"}],"wp:term":[{"taxonomy":"product_cat","embeddable":true,"href":"https:\/\/store.rektor.no\/index.php?rest_route=%2Fwp%2Fv2%2Fproduct_cat&post=1700"},{"taxonomy":"product_tag","embeddable":true,"href":"https:\/\/store.rektor.no\/index.php?rest_route=%2Fwp%2Fv2%2Fproduct_tag&post=1700"}],"curies":[{"name":"wp","href":"https:\/\/api.w.org\/{rel}","templated":true}]}}