{"id":1570,"date":"2023-05-12T13:06:22","date_gmt":"2023-05-12T13:06:22","guid":{"rendered":"https:\/\/store.rektor.no\/?product=basic-softshell-jacket-ladies-020915"},"modified":"2023-06-02T13:05:54","modified_gmt":"2023-06-02T13:05:54","slug":"basic-softshell-jacket-ladies-020915","status":"publish","type":"product","link":"https:\/\/store.rektor.no\/?product=basic-softshell-jacket-ladies-020915","title":{"rendered":"Basic Softshell Jacket Ladies &#8211; 020915"},"content":{"rendered":"<p>Artikelnummer:020915<\/p>\n","protected":false},"excerpt":{"rendered":"<p>Softshelljakke med tre ytterlommer med glidel\u00e5s og to innerlommer. Ton-i-ton glidel\u00e5ser. Elastisk tape i ermer og nederkant. En perfekt match til fleeceproduktene i Basic-serien. Stretchkvaliteten i jakken gj\u00f8r at man m\u00e5 velge en type transfer som er tilpasset softshell med stretch for \u00e5 unng\u00e5 at trykket lett bl\u00f8r igjennom.<br \/>\nWP 3000 \/ MVP 1000<\/p>\n","protected":false},"featured_media":1571,"template":"","meta":[],"product_cat":[106,107,108],"product_tag":[],"_links":{"self":[{"href":"https:\/\/store.rektor.no\/index.php?rest_route=\/wp\/v2\/product\/1570"}],"collection":[{"href":"https:\/\/store.rektor.no\/index.php?rest_route=\/wp\/v2\/product"}],"about":[{"href":"https:\/\/store.rektor.no\/index.php?rest_route=\/wp\/v2\/types\/product"}],"wp:featuredmedia":[{"embeddable":true,"href":"https:\/\/store.rektor.no\/index.php?rest_route=\/wp\/v2\/media\/1571"}],"wp:attachment":[{"href":"https:\/\/store.rektor.no\/index.php?rest_route=%2Fwp%2Fv2%2Fmedia&parent=1570"}],"wp:term":[{"taxonomy":"product_cat","embeddable":true,"href":"https:\/\/store.rektor.no\/index.php?rest_route=%2Fwp%2Fv2%2Fproduct_cat&post=1570"},{"taxonomy":"product_tag","embeddable":true,"href":"https:\/\/store.rektor.no\/index.php?rest_route=%2Fwp%2Fv2%2Fproduct_tag&post=1570"}],"curies":[{"name":"wp","href":"https:\/\/api.w.org\/{rel}","templated":true}]}}