{"id":15669,"date":"2024-01-18T15:00:28","date_gmt":"2024-01-18T15:00:28","guid":{"rendered":"https:\/\/store.rektor.no\/?post_type=product&#038;p=15669"},"modified":"2024-01-18T15:00:28","modified_gmt":"2024-01-18T15:00:28","slug":"idaho-junior-test-0200905","status":"publish","type":"product","link":"https:\/\/store.rektor.no\/?product=idaho-junior-test-0200905","title":{"rendered":"Idaho Junior  Test &#8211; 0200905"},"content":{"rendered":"<p>En varm, men likevel lett jakke med dunlignende vattering. Laget av 100 % resirkulert polyamid. Barnesikker avtagbar hette, tre utvendige lommer med glidel\u00e5s, og to innerlommer. Elastisk teip i nederkant og p\u00e5 ermeavslutningene. Leveres med farget stropp (til oppheng), \u00f8retelefonl\u00f8sning og glidel\u00e5strekkere.<\/p>\n","protected":false},"excerpt":{"rendered":"<p>En varm, men likevel lett jakke med dunlignende vattering. Laget av 100 % resirkulert polyamid. Barnesikker avtagbar hette, tre utvendige lommer med glidel\u00e5s, og to innerlommer. Elastisk teip i nederkant og p\u00e5 ermeavslutningene. Leveres med farget stropp (til oppheng), \u00f8retelefonl\u00f8sning og glidel\u00e5strekkere.<\/p>\n","protected":false},"featured_media":15672,"template":"","meta":[],"product_cat":[15],"product_tag":[],"_links":{"self":[{"href":"https:\/\/store.rektor.no\/index.php?rest_route=\/wp\/v2\/product\/15669"}],"collection":[{"href":"https:\/\/store.rektor.no\/index.php?rest_route=\/wp\/v2\/product"}],"about":[{"href":"https:\/\/store.rektor.no\/index.php?rest_route=\/wp\/v2\/types\/product"}],"wp:featuredmedia":[{"embeddable":true,"href":"https:\/\/store.rektor.no\/index.php?rest_route=\/wp\/v2\/media\/15672"}],"wp:attachment":[{"href":"https:\/\/store.rektor.no\/index.php?rest_route=%2Fwp%2Fv2%2Fmedia&parent=15669"}],"wp:term":[{"taxonomy":"product_cat","embeddable":true,"href":"https:\/\/store.rektor.no\/index.php?rest_route=%2Fwp%2Fv2%2Fproduct_cat&post=15669"},{"taxonomy":"product_tag","embeddable":true,"href":"https:\/\/store.rektor.no\/index.php?rest_route=%2Fwp%2Fv2%2Fproduct_tag&post=15669"}],"curies":[{"name":"wp","href":"https:\/\/api.w.org\/{rel}","templated":true}]}}