{"id":15599,"date":"2023-09-14T14:48:09","date_gmt":"2023-09-14T14:48:09","guid":{"rendered":"https:\/\/store.rektor.no\/?product=sparta-010179-3"},"modified":"2023-09-14T14:48:15","modified_gmt":"2023-09-14T14:48:15","slug":"sparta-010179-3","status":"publish","type":"product","link":"https:\/\/store.rektor.no\/?product=sparta-010179-3","title":{"rendered":"Sparta &#8211; 010179"},"content":{"rendered":"<p>Artikelnummer:010179<\/p>\n","protected":false},"excerpt":{"rendered":"<p>Vattert softshelljakke til dame med avtagbar hette og sn\u00f8l\u00e5s. Formsydde ermer, skjulte mansjetter. Innvendig lomme med snor og reflekterende piping p\u00e5 armene. Jakken har broderingslomme.<\/p>\n","protected":false},"featured_media":318,"template":"","meta":[],"product_cat":[106,107,108],"product_tag":[],"_links":{"self":[{"href":"https:\/\/store.rektor.no\/index.php?rest_route=\/wp\/v2\/product\/15599"}],"collection":[{"href":"https:\/\/store.rektor.no\/index.php?rest_route=\/wp\/v2\/product"}],"about":[{"href":"https:\/\/store.rektor.no\/index.php?rest_route=\/wp\/v2\/types\/product"}],"wp:featuredmedia":[{"embeddable":true,"href":"https:\/\/store.rektor.no\/index.php?rest_route=\/wp\/v2\/media\/318"}],"wp:attachment":[{"href":"https:\/\/store.rektor.no\/index.php?rest_route=%2Fwp%2Fv2%2Fmedia&parent=15599"}],"wp:term":[{"taxonomy":"product_cat","embeddable":true,"href":"https:\/\/store.rektor.no\/index.php?rest_route=%2Fwp%2Fv2%2Fproduct_cat&post=15599"},{"taxonomy":"product_tag","embeddable":true,"href":"https:\/\/store.rektor.no\/index.php?rest_route=%2Fwp%2Fv2%2Fproduct_tag&post=15599"}],"curies":[{"name":"wp","href":"https:\/\/api.w.org\/{rel}","templated":true}]}}