{"id":15390,"date":"2023-06-02T13:34:23","date_gmt":"2023-06-02T13:34:23","guid":{"rendered":"https:\/\/store.rektor.no\/?product=crew-neck-unisex-gots-141003"},"modified":"2023-06-02T13:34:35","modified_gmt":"2023-06-02T13:34:35","slug":"crew-neck-unisex-gots-141003","status":"publish","type":"product","link":"https:\/\/store.rektor.no\/?product=crew-neck-unisex-gots-141003","title":{"rendered":"Crew Neck Unisex (GOTS) &#8211; 141003"},"content":{"rendered":"<p>Artikelnummer:141003<\/p>\n","protected":false},"excerpt":{"rendered":"<p>Genser med rund hals i unisex, dame og barnemodell.<br \/>\nB\u00f8rstet innside. 2&#215;2 ribb rundt halsen, mansjetten i ermeavslutningen og i nederkant.<br \/>\nTon-i-ton dekors\u00f8mmer i overlock. Damemodellen er innsvinget.  <\/p>\n<p>Cottover tilbyr kl\u00e6r med hensyn til mennesker og milj\u00f8. Produktene er sertifisert av Nordic Ecolabel, Fairtrade, GOTS og \u00d8KO-TEX.<br \/>\nEt produkt med disse sertifiseringene betyr at plagget har m\u00f8tt alle kravene til organisasjonene bak merkingen.<br \/>\nCottover har n\u00f8ye valgt ut sine hjertesaker med tanke p\u00e5 kvalitet, helse, milj\u00f8 og arbeidsforhold. All bomull er 100% \u00f8kologisk.<\/p>\n","protected":false},"featured_media":15391,"template":"","meta":[],"product_cat":[430,429],"product_tag":[],"_links":{"self":[{"href":"https:\/\/store.rektor.no\/index.php?rest_route=\/wp\/v2\/product\/15390"}],"collection":[{"href":"https:\/\/store.rektor.no\/index.php?rest_route=\/wp\/v2\/product"}],"about":[{"href":"https:\/\/store.rektor.no\/index.php?rest_route=\/wp\/v2\/types\/product"}],"wp:featuredmedia":[{"embeddable":true,"href":"https:\/\/store.rektor.no\/index.php?rest_route=\/wp\/v2\/media\/15391"}],"wp:attachment":[{"href":"https:\/\/store.rektor.no\/index.php?rest_route=%2Fwp%2Fv2%2Fmedia&parent=15390"}],"wp:term":[{"taxonomy":"product_cat","embeddable":true,"href":"https:\/\/store.rektor.no\/index.php?rest_route=%2Fwp%2Fv2%2Fproduct_cat&post=15390"},{"taxonomy":"product_tag","embeddable":true,"href":"https:\/\/store.rektor.no\/index.php?rest_route=%2Fwp%2Fv2%2Fproduct_tag&post=15390"}],"curies":[{"name":"wp","href":"https:\/\/api.w.org\/{rel}","templated":true}]}}