{"id":15386,"date":"2023-06-02T13:33:55","date_gmt":"2023-06-02T13:33:55","guid":{"rendered":"https:\/\/store.rektor.no\/?product=hood-lady-gots-141001"},"modified":"2023-06-02T13:34:09","modified_gmt":"2023-06-02T13:34:09","slug":"hood-lady-gots-141001","status":"publish","type":"product","link":"https:\/\/store.rektor.no\/?product=hood-lady-gots-141001","title":{"rendered":"Hood Lady (GOTS) &#8211; 141001"},"content":{"rendered":"<p>Artikelnummer:141001<\/p>\n","protected":false},"excerpt":{"rendered":"<p>Hettegenser i to-lags materiale med b\u00f8rstet innside som kommer i tre ulike varianter; dame-, herre-,  og barnemodell.<br \/>\nModerne passform, hette med robust snor og en lomme i front med &#8220;inngang&#8221; p\u00e5 to sider.<br \/>\n2&#215;2 ribb i ermet og nederkant.<\/p>\n<p>Kan vaskes p\u00e5 40 grader.<\/p>\n<p>Cottover tilbyr kl\u00e6r med hensyn til mennesker og milj\u00f8. Produktene er sertifisert av Nordic Ecolabel, Fairtrade, GOTS og \u00d8KO-TEX.<br \/>\nEt produkt med disse sertifiseringene betyr at plagget har m\u00f8tt alle kravene til organisasjonene bak merkingen.<br \/>\nCottover har n\u00f8ye valgt ut sine hjertesaker med tanke p\u00e5 kvalitet, helse, milj\u00f8 og arbeidsforhold. All bomull er 100% \u00f8kologisk.<\/p>\n","protected":false},"featured_media":15387,"template":"","meta":[],"product_cat":[448,429],"product_tag":[],"_links":{"self":[{"href":"https:\/\/store.rektor.no\/index.php?rest_route=\/wp\/v2\/product\/15386"}],"collection":[{"href":"https:\/\/store.rektor.no\/index.php?rest_route=\/wp\/v2\/product"}],"about":[{"href":"https:\/\/store.rektor.no\/index.php?rest_route=\/wp\/v2\/types\/product"}],"wp:featuredmedia":[{"embeddable":true,"href":"https:\/\/store.rektor.no\/index.php?rest_route=\/wp\/v2\/media\/15387"}],"wp:attachment":[{"href":"https:\/\/store.rektor.no\/index.php?rest_route=%2Fwp%2Fv2%2Fmedia&parent=15386"}],"wp:term":[{"taxonomy":"product_cat","embeddable":true,"href":"https:\/\/store.rektor.no\/index.php?rest_route=%2Fwp%2Fv2%2Fproduct_cat&post=15386"},{"taxonomy":"product_tag","embeddable":true,"href":"https:\/\/store.rektor.no\/index.php?rest_route=%2Fwp%2Fv2%2Fproduct_tag&post=15386"}],"curies":[{"name":"wp","href":"https:\/\/api.w.org\/{rel}","templated":true}]}}