{"id":15380,"date":"2023-06-02T13:33:48","date_gmt":"2023-06-02T13:33:48","guid":{"rendered":"https:\/\/store.rektor.no\/?product=warren-lady-full-zip-139047"},"modified":"2023-06-02T13:33:53","modified_gmt":"2023-06-02T13:33:53","slug":"warren-lady-full-zip-139047","status":"publish","type":"product","link":"https:\/\/store.rektor.no\/?product=warren-lady-full-zip-139047","title":{"rendered":"Warren Lady Full Zip &#8211; 139047"},"content":{"rendered":"<p>Artikelnummer:139047<\/p>\n","protected":false},"excerpt":{"rendered":"<p>Myk tr\u00f8ye i polarfleece. Hel glidel\u00e5s og lommer i front med YKK-glidel\u00e5ser. Framflyttede side- og erms\u00f8m for god passfrom. Dekorativ strikk i flatlock og rib i nederkant og ermer, alt ton-ton.<\/p>\n","protected":false},"featured_media":15381,"template":"","meta":[],"product_cat":[449,450],"product_tag":[],"_links":{"self":[{"href":"https:\/\/store.rektor.no\/index.php?rest_route=\/wp\/v2\/product\/15380"}],"collection":[{"href":"https:\/\/store.rektor.no\/index.php?rest_route=\/wp\/v2\/product"}],"about":[{"href":"https:\/\/store.rektor.no\/index.php?rest_route=\/wp\/v2\/types\/product"}],"wp:featuredmedia":[{"embeddable":true,"href":"https:\/\/store.rektor.no\/index.php?rest_route=\/wp\/v2\/media\/15381"}],"wp:attachment":[{"href":"https:\/\/store.rektor.no\/index.php?rest_route=%2Fwp%2Fv2%2Fmedia&parent=15380"}],"wp:term":[{"taxonomy":"product_cat","embeddable":true,"href":"https:\/\/store.rektor.no\/index.php?rest_route=%2Fwp%2Fv2%2Fproduct_cat&post=15380"},{"taxonomy":"product_tag","embeddable":true,"href":"https:\/\/store.rektor.no\/index.php?rest_route=%2Fwp%2Fv2%2Fproduct_tag&post=15380"}],"curies":[{"name":"wp","href":"https:\/\/api.w.org\/{rel}","templated":true}]}}