{"id":15376,"date":"2023-06-02T13:33:34","date_gmt":"2023-06-02T13:33:34","guid":{"rendered":"https:\/\/store.rektor.no\/?product=melton-lady-half-zip-139045"},"modified":"2023-06-02T13:33:42","modified_gmt":"2023-06-02T13:33:42","slug":"melton-lady-half-zip-139045","status":"publish","type":"product","link":"https:\/\/store.rektor.no\/?product=melton-lady-half-zip-139045","title":{"rendered":"Melton Lady Half Zip &#8211; 139045"},"content":{"rendered":"<p>Artikelnummer:139045<\/p>\n","protected":false},"excerpt":{"rendered":"<p>Behagelig microfleece-tr\u00f8ye. Perfekt som lag-2. Kort glidel\u00e5s med tofarget YKK-glidel\u00e5s. Dekorativ strikk i flatlock og rib i nederkant og ermene. Alt ton-i-ton.<\/p>\n","protected":false},"featured_media":15377,"template":"","meta":[],"product_cat":[449,452],"product_tag":[],"_links":{"self":[{"href":"https:\/\/store.rektor.no\/index.php?rest_route=\/wp\/v2\/product\/15376"}],"collection":[{"href":"https:\/\/store.rektor.no\/index.php?rest_route=\/wp\/v2\/product"}],"about":[{"href":"https:\/\/store.rektor.no\/index.php?rest_route=\/wp\/v2\/types\/product"}],"wp:featuredmedia":[{"embeddable":true,"href":"https:\/\/store.rektor.no\/index.php?rest_route=\/wp\/v2\/media\/15377"}],"wp:attachment":[{"href":"https:\/\/store.rektor.no\/index.php?rest_route=%2Fwp%2Fv2%2Fmedia&parent=15376"}],"wp:term":[{"taxonomy":"product_cat","embeddable":true,"href":"https:\/\/store.rektor.no\/index.php?rest_route=%2Fwp%2Fv2%2Fproduct_cat&post=15376"},{"taxonomy":"product_tag","embeddable":true,"href":"https:\/\/store.rektor.no\/index.php?rest_route=%2Fwp%2Fv2%2Fproduct_tag&post=15376"}],"curies":[{"name":"wp","href":"https:\/\/api.w.org\/{rel}","templated":true}]}}