{"id":15374,"date":"2023-06-02T13:33:31","date_gmt":"2023-06-02T13:33:31","guid":{"rendered":"https:\/\/store.rektor.no\/?product=melton-half-zip-139044"},"modified":"2023-06-02T13:33:36","modified_gmt":"2023-06-02T13:33:36","slug":"melton-half-zip-139044","status":"publish","type":"product","link":"https:\/\/store.rektor.no\/?product=melton-half-zip-139044","title":{"rendered":"Melton Half Zip &#8211; 139044"},"content":{"rendered":"<p>Artikelnummer:139044<\/p>\n","protected":false},"excerpt":{"rendered":"<p>Behagelig microfleece-tr\u00f8ye. Perfekt som lag-2. Kort glidel\u00e5s med tofarget YKK-glidel\u00e5s. Dekorativ strikk i flatlock og rib i nederkant og ermene. Alt ton-i-ton.<\/p>\n","protected":false},"featured_media":15375,"template":"","meta":[],"product_cat":[449,452],"product_tag":[],"_links":{"self":[{"href":"https:\/\/store.rektor.no\/index.php?rest_route=\/wp\/v2\/product\/15374"}],"collection":[{"href":"https:\/\/store.rektor.no\/index.php?rest_route=\/wp\/v2\/product"}],"about":[{"href":"https:\/\/store.rektor.no\/index.php?rest_route=\/wp\/v2\/types\/product"}],"wp:featuredmedia":[{"embeddable":true,"href":"https:\/\/store.rektor.no\/index.php?rest_route=\/wp\/v2\/media\/15375"}],"wp:attachment":[{"href":"https:\/\/store.rektor.no\/index.php?rest_route=%2Fwp%2Fv2%2Fmedia&parent=15374"}],"wp:term":[{"taxonomy":"product_cat","embeddable":true,"href":"https:\/\/store.rektor.no\/index.php?rest_route=%2Fwp%2Fv2%2Fproduct_cat&post=15374"},{"taxonomy":"product_tag","embeddable":true,"href":"https:\/\/store.rektor.no\/index.php?rest_route=%2Fwp%2Fv2%2Fproduct_tag&post=15374"}],"curies":[{"name":"wp","href":"https:\/\/api.w.org\/{rel}","templated":true}]}}