{"id":15368,"date":"2023-06-02T13:33:15","date_gmt":"2023-06-02T13:33:15","guid":{"rendered":"https:\/\/store.rektor.no\/?product=melton-lady-full-zip-139041"},"modified":"2023-06-02T13:33:20","modified_gmt":"2023-06-02T13:33:20","slug":"melton-lady-full-zip-139041","status":"publish","type":"product","link":"https:\/\/store.rektor.no\/?product=melton-lady-full-zip-139041","title":{"rendered":"Melton Lady Full Zip &#8211; 139041"},"content":{"rendered":"<p>Artikelnummer:139041<\/p>\n","protected":false},"excerpt":{"rendered":"<p>Behagelig microfleece-tr\u00f8ye med raglanerm. Perfekt som lag-2. Hel glidel\u00e5s og lommer i front med tofarget YKK glidel\u00e5ser. Framflyttet side- og erms\u00f8m for god passform. Dekorativ strikk i flatlock og ribb i nederkant og ermer. Alt ton-i-ton.<\/p>\n","protected":false},"featured_media":15369,"template":"","meta":[],"product_cat":[449,450],"product_tag":[],"_links":{"self":[{"href":"https:\/\/store.rektor.no\/index.php?rest_route=\/wp\/v2\/product\/15368"}],"collection":[{"href":"https:\/\/store.rektor.no\/index.php?rest_route=\/wp\/v2\/product"}],"about":[{"href":"https:\/\/store.rektor.no\/index.php?rest_route=\/wp\/v2\/types\/product"}],"wp:featuredmedia":[{"embeddable":true,"href":"https:\/\/store.rektor.no\/index.php?rest_route=\/wp\/v2\/media\/15369"}],"wp:attachment":[{"href":"https:\/\/store.rektor.no\/index.php?rest_route=%2Fwp%2Fv2%2Fmedia&parent=15368"}],"wp:term":[{"taxonomy":"product_cat","embeddable":true,"href":"https:\/\/store.rektor.no\/index.php?rest_route=%2Fwp%2Fv2%2Fproduct_cat&post=15368"},{"taxonomy":"product_tag","embeddable":true,"href":"https:\/\/store.rektor.no\/index.php?rest_route=%2Fwp%2Fv2%2Fproduct_tag&post=15368"}],"curies":[{"name":"wp","href":"https:\/\/api.w.org\/{rel}","templated":true}]}}