{"id":15362,"date":"2023-06-02T13:33:03","date_gmt":"2023-06-02T13:33:03","guid":{"rendered":"https:\/\/store.rektor.no\/?product=wilmington-139028"},"modified":"2023-06-02T13:33:08","modified_gmt":"2023-06-02T13:33:08","slug":"wilmington-139028","status":"publish","type":"product","link":"https:\/\/store.rektor.no\/?product=wilmington-139028","title":{"rendered":"Wilmington &#8211; 139028"},"content":{"rendered":"<p>Artikelnummer:139028<\/p>\n","protected":false},"excerpt":{"rendered":"<p>Hettejakke med single jersey p\u00e5 utsiden og myk b\u00f8rstet fleece (coral) p\u00e5 innsiden som gir en deilig komfort. Dekorb\u00e5nd og kontrasts\u00f8mmer i matchende farger. Snor i hetten. To framlommer med skjult glidel\u00e5s samt formsydde mansjetter.<\/p>\n","protected":false},"featured_media":15363,"template":"","meta":[],"product_cat":[448,429],"product_tag":[],"_links":{"self":[{"href":"https:\/\/store.rektor.no\/index.php?rest_route=\/wp\/v2\/product\/15362"}],"collection":[{"href":"https:\/\/store.rektor.no\/index.php?rest_route=\/wp\/v2\/product"}],"about":[{"href":"https:\/\/store.rektor.no\/index.php?rest_route=\/wp\/v2\/types\/product"}],"wp:featuredmedia":[{"embeddable":true,"href":"https:\/\/store.rektor.no\/index.php?rest_route=\/wp\/v2\/media\/15363"}],"wp:attachment":[{"href":"https:\/\/store.rektor.no\/index.php?rest_route=%2Fwp%2Fv2%2Fmedia&parent=15362"}],"wp:term":[{"taxonomy":"product_cat","embeddable":true,"href":"https:\/\/store.rektor.no\/index.php?rest_route=%2Fwp%2Fv2%2Fproduct_cat&post=15362"},{"taxonomy":"product_tag","embeddable":true,"href":"https:\/\/store.rektor.no\/index.php?rest_route=%2Fwp%2Fv2%2Fproduct_tag&post=15362"}],"curies":[{"name":"wp","href":"https:\/\/api.w.org\/{rel}","templated":true}]}}