{"id":15360,"date":"2023-06-02T13:33:03","date_gmt":"2023-06-02T13:33:03","guid":{"rendered":"https:\/\/store.rektor.no\/?product=geraldton-lady-139018"},"modified":"2023-06-02T13:33:06","modified_gmt":"2023-06-02T13:33:06","slug":"geraldton-lady-139018","status":"publish","type":"product","link":"https:\/\/store.rektor.no\/?product=geraldton-lady-139018","title":{"rendered":"Geraldton Lady &#8211; 139018"},"content":{"rendered":"<p>Artikelnummer:139018<\/p>\n","protected":false},"excerpt":{"rendered":"<p>Funksjonsvest i et vind- og vannavst\u00f8tende og pustende materiale. Vesten har elastisk avslutning med polyester ripstop og spandex p\u00e5 utsiden, samt varmende microfleece p\u00e5 innsiden. Hel glidel\u00e5s i front. To sidelommer med glidel\u00e5s. Elastisk sn\u00f8ring med stopper i nederkant. Finnes i dame- og herremodell.<\/p>\n","protected":false},"featured_media":15361,"template":"","meta":[],"product_cat":[446,445],"product_tag":[],"_links":{"self":[{"href":"https:\/\/store.rektor.no\/index.php?rest_route=\/wp\/v2\/product\/15360"}],"collection":[{"href":"https:\/\/store.rektor.no\/index.php?rest_route=\/wp\/v2\/product"}],"about":[{"href":"https:\/\/store.rektor.no\/index.php?rest_route=\/wp\/v2\/types\/product"}],"wp:featuredmedia":[{"embeddable":true,"href":"https:\/\/store.rektor.no\/index.php?rest_route=\/wp\/v2\/media\/15361"}],"wp:attachment":[{"href":"https:\/\/store.rektor.no\/index.php?rest_route=%2Fwp%2Fv2%2Fmedia&parent=15360"}],"wp:term":[{"taxonomy":"product_cat","embeddable":true,"href":"https:\/\/store.rektor.no\/index.php?rest_route=%2Fwp%2Fv2%2Fproduct_cat&post=15360"},{"taxonomy":"product_tag","embeddable":true,"href":"https:\/\/store.rektor.no\/index.php?rest_route=%2Fwp%2Fv2%2Fproduct_tag&post=15360"}],"curies":[{"name":"wp","href":"https:\/\/api.w.org\/{rel}","templated":true}]}}