{"id":15351,"date":"2023-06-02T13:32:57","date_gmt":"2023-06-02T13:32:57","guid":{"rendered":"https:\/\/store.rektor.no\/?product=stirling-139015"},"modified":"2023-06-02T13:33:01","modified_gmt":"2023-06-02T13:33:01","slug":"stirling-139015","status":"publish","type":"product","link":"https:\/\/store.rektor.no\/?product=stirling-139015","title":{"rendered":"Stirling &#8211; 139015"},"content":{"rendered":"<p>Artikelnummer:139015<\/p>\n","protected":false},"excerpt":{"rendered":"<p>Funksjonsjakke i et vind- og vannavst\u00f8tende og pustende materiale. Jakken har elastiske avslutninger med polyester ripstop og spandex p\u00e5 utsiden, samt varmende microfleece p\u00e5 innsiden. Hel glidel\u00e5s i front. To sidelommer med glidel\u00e5s. Elastisk sn\u00f8ring med stopper i nederkant. Finnes i dame- og herremodell.<\/p>\n","protected":false},"featured_media":15352,"template":"","meta":[],"product_cat":[409,408],"product_tag":[],"_links":{"self":[{"href":"https:\/\/store.rektor.no\/index.php?rest_route=\/wp\/v2\/product\/15351"}],"collection":[{"href":"https:\/\/store.rektor.no\/index.php?rest_route=\/wp\/v2\/product"}],"about":[{"href":"https:\/\/store.rektor.no\/index.php?rest_route=\/wp\/v2\/types\/product"}],"wp:featuredmedia":[{"embeddable":true,"href":"https:\/\/store.rektor.no\/index.php?rest_route=\/wp\/v2\/media\/15352"}],"wp:attachment":[{"href":"https:\/\/store.rektor.no\/index.php?rest_route=%2Fwp%2Fv2%2Fmedia&parent=15351"}],"wp:term":[{"taxonomy":"product_cat","embeddable":true,"href":"https:\/\/store.rektor.no\/index.php?rest_route=%2Fwp%2Fv2%2Fproduct_cat&post=15351"},{"taxonomy":"product_tag","embeddable":true,"href":"https:\/\/store.rektor.no\/index.php?rest_route=%2Fwp%2Fv2%2Fproduct_tag&post=15351"}],"curies":[{"name":"wp","href":"https:\/\/api.w.org\/{rel}","templated":true}]}}