{"id":15334,"date":"2023-06-02T13:32:03","date_gmt":"2023-06-02T13:32:03","guid":{"rendered":"https:\/\/store.rektor.no\/?product=shepparton-lady-134053"},"modified":"2023-06-02T13:32:08","modified_gmt":"2023-06-02T13:32:08","slug":"shepparton-lady-134053","status":"publish","type":"product","link":"https:\/\/store.rektor.no\/?product=shepparton-lady-134053","title":{"rendered":"Shepparton Lady &#8211; 134053"},"content":{"rendered":"<p>Artikelnummer:134053<\/p>\n","protected":false},"excerpt":{"rendered":"<p>Pique med blandet materiale som har bomullens behagelige f\u00f8lelse p\u00e5 utsiden og Cooldry Polyester p\u00e5 innsiden. Materialet har egenskaper som transportere bort fukt p\u00e5 innsiden. Diskret avvikende farge p\u00e5 innsiden av knappestolpen, dekorb\u00e5nd i nakke, st\u00e5krage og splitt i nederkant.Damemodellen er innsvinget.<\/p>\n","protected":false},"featured_media":15335,"template":"","meta":[],"product_cat":[439,437],"product_tag":[],"_links":{"self":[{"href":"https:\/\/store.rektor.no\/index.php?rest_route=\/wp\/v2\/product\/15334"}],"collection":[{"href":"https:\/\/store.rektor.no\/index.php?rest_route=\/wp\/v2\/product"}],"about":[{"href":"https:\/\/store.rektor.no\/index.php?rest_route=\/wp\/v2\/types\/product"}],"wp:featuredmedia":[{"embeddable":true,"href":"https:\/\/store.rektor.no\/index.php?rest_route=\/wp\/v2\/media\/15335"}],"wp:attachment":[{"href":"https:\/\/store.rektor.no\/index.php?rest_route=%2Fwp%2Fv2%2Fmedia&parent=15334"}],"wp:term":[{"taxonomy":"product_cat","embeddable":true,"href":"https:\/\/store.rektor.no\/index.php?rest_route=%2Fwp%2Fv2%2Fproduct_cat&post=15334"},{"taxonomy":"product_tag","embeddable":true,"href":"https:\/\/store.rektor.no\/index.php?rest_route=%2Fwp%2Fv2%2Fproduct_tag&post=15334"}],"curies":[{"name":"wp","href":"https:\/\/api.w.org\/{rel}","templated":true}]}}