{"id":15324,"date":"2023-06-02T13:31:48","date_gmt":"2023-06-02T13:31:48","guid":{"rendered":"https:\/\/store.rektor.no\/?product=stanford-134042"},"modified":"2023-06-02T13:31:53","modified_gmt":"2023-06-02T13:31:53","slug":"stanford-134042","status":"publish","type":"product","link":"https:\/\/store.rektor.no\/?product=stanford-134042","title":{"rendered":"Stanford &#8211; 134042"},"content":{"rendered":"<p>Artikelnummer:134042<\/p>\n","protected":false},"excerpt":{"rendered":"<p>Funksjons T-shirt med blandet materiale med bomullens behagelige f\u00f8lelse p\u00e5 utsiden samt Cooldry Polyester p\u00e5 innsiden. Materialet har egenskaper som transporterer bort fukt p\u00e5 innsiden.  Strikket nakkeb\u00f8yle samt diskret vevet nakkeb\u00e5nd. Splitt i nederkant.<\/p>\n","protected":false},"featured_media":15325,"template":"","meta":[],"product_cat":[431,432],"product_tag":[],"_links":{"self":[{"href":"https:\/\/store.rektor.no\/index.php?rest_route=\/wp\/v2\/product\/15324"}],"collection":[{"href":"https:\/\/store.rektor.no\/index.php?rest_route=\/wp\/v2\/product"}],"about":[{"href":"https:\/\/store.rektor.no\/index.php?rest_route=\/wp\/v2\/types\/product"}],"wp:featuredmedia":[{"embeddable":true,"href":"https:\/\/store.rektor.no\/index.php?rest_route=\/wp\/v2\/media\/15325"}],"wp:attachment":[{"href":"https:\/\/store.rektor.no\/index.php?rest_route=%2Fwp%2Fv2%2Fmedia&parent=15324"}],"wp:term":[{"taxonomy":"product_cat","embeddable":true,"href":"https:\/\/store.rektor.no\/index.php?rest_route=%2Fwp%2Fv2%2Fproduct_cat&post=15324"},{"taxonomy":"product_tag","embeddable":true,"href":"https:\/\/store.rektor.no\/index.php?rest_route=%2Fwp%2Fv2%2Fproduct_tag&post=15324"}],"curies":[{"name":"wp","href":"https:\/\/api.w.org\/{rel}","templated":true}]}}