{"id":15322,"date":"2023-06-02T13:31:48","date_gmt":"2023-06-02T13:31:48","guid":{"rendered":"https:\/\/store.rektor.no\/?product=lynton-lady-134031"},"modified":"2023-06-02T13:31:51","modified_gmt":"2023-06-02T13:31:51","slug":"lynton-lady-134031","status":"publish","type":"product","link":"https:\/\/store.rektor.no\/?product=lynton-lady-134031","title":{"rendered":"Lynton Lady &#8211; 134031"},"content":{"rendered":"<p>Artikelnummer:134031<\/p>\n","protected":false},"excerpt":{"rendered":"<p>Velarbeidet pique med kontrastfargede detaljer. Dekorativ strikk p\u00e5 skulderpartiet. Kraftig dobbeltstrikket krage og matchende dekorb\u00e5nd p\u00e5 innsiden.<\/p>\n","protected":false},"featured_media":15323,"template":"","meta":[],"product_cat":[439,437],"product_tag":[],"_links":{"self":[{"href":"https:\/\/store.rektor.no\/index.php?rest_route=\/wp\/v2\/product\/15322"}],"collection":[{"href":"https:\/\/store.rektor.no\/index.php?rest_route=\/wp\/v2\/product"}],"about":[{"href":"https:\/\/store.rektor.no\/index.php?rest_route=\/wp\/v2\/types\/product"}],"wp:featuredmedia":[{"embeddable":true,"href":"https:\/\/store.rektor.no\/index.php?rest_route=\/wp\/v2\/media\/15323"}],"wp:attachment":[{"href":"https:\/\/store.rektor.no\/index.php?rest_route=%2Fwp%2Fv2%2Fmedia&parent=15322"}],"wp:term":[{"taxonomy":"product_cat","embeddable":true,"href":"https:\/\/store.rektor.no\/index.php?rest_route=%2Fwp%2Fv2%2Fproduct_cat&post=15322"},{"taxonomy":"product_tag","embeddable":true,"href":"https:\/\/store.rektor.no\/index.php?rest_route=%2Fwp%2Fv2%2Fproduct_tag&post=15322"}],"curies":[{"name":"wp","href":"https:\/\/api.w.org\/{rel}","templated":true}]}}