{"id":15320,"date":"2023-06-02T13:31:45","date_gmt":"2023-06-02T13:31:45","guid":{"rendered":"https:\/\/store.rektor.no\/?product=lynton-134030"},"modified":"2023-06-02T13:31:49","modified_gmt":"2023-06-02T13:31:49","slug":"lynton-134030","status":"publish","type":"product","link":"https:\/\/store.rektor.no\/?product=lynton-134030","title":{"rendered":"Lynton &#8211; 134030"},"content":{"rendered":"<p>Artikelnummer:134030<\/p>\n","protected":false},"excerpt":{"rendered":"<p>Velarbeidet pique med kontrastfargede detaljer. Dekorativ strikk p\u00e5 skulderpartiet. Kraftig dobbeltstrikket krage og matchende dekorb\u00e5nd p\u00e5 innsiden.<\/p>\n","protected":false},"featured_media":15321,"template":"","meta":[],"product_cat":[439,437],"product_tag":[],"_links":{"self":[{"href":"https:\/\/store.rektor.no\/index.php?rest_route=\/wp\/v2\/product\/15320"}],"collection":[{"href":"https:\/\/store.rektor.no\/index.php?rest_route=\/wp\/v2\/product"}],"about":[{"href":"https:\/\/store.rektor.no\/index.php?rest_route=\/wp\/v2\/types\/product"}],"wp:featuredmedia":[{"embeddable":true,"href":"https:\/\/store.rektor.no\/index.php?rest_route=\/wp\/v2\/media\/15321"}],"wp:attachment":[{"href":"https:\/\/store.rektor.no\/index.php?rest_route=%2Fwp%2Fv2%2Fmedia&parent=15320"}],"wp:term":[{"taxonomy":"product_cat","embeddable":true,"href":"https:\/\/store.rektor.no\/index.php?rest_route=%2Fwp%2Fv2%2Fproduct_cat&post=15320"},{"taxonomy":"product_tag","embeddable":true,"href":"https:\/\/store.rektor.no\/index.php?rest_route=%2Fwp%2Fv2%2Fproduct_tag&post=15320"}],"curies":[{"name":"wp","href":"https:\/\/api.w.org\/{rel}","templated":true}]}}