{"id":15318,"date":"2023-06-02T13:31:42","date_gmt":"2023-06-02T13:31:42","guid":{"rendered":"https:\/\/store.rektor.no\/?product=eaton-lady-134027"},"modified":"2023-06-02T13:31:46","modified_gmt":"2023-06-02T13:31:46","slug":"eaton-lady-134027","status":"publish","type":"product","link":"https:\/\/store.rektor.no\/?product=eaton-lady-134027","title":{"rendered":"Eaton Lady &#8211; 134027"},"content":{"rendered":"<p>Artikelnummer:134027<\/p>\n","protected":false},"excerpt":{"rendered":"<p>V\u00e5r beste polo pique hittil. Moderne passform og h\u00f8y komfort. Holder godt p\u00e5 fasongen. Ekstra solid krage med nakkeb\u00e5nd og forsterket utside. Tre knapper i stolpen. Dekorative overlock-s\u00f8mmer og forsterket \u00e5pning i nederkant. Finnes i dame- og herremodell.<\/p>\n","protected":false},"featured_media":15319,"template":"","meta":[],"product_cat":[439,437],"product_tag":[],"_links":{"self":[{"href":"https:\/\/store.rektor.no\/index.php?rest_route=\/wp\/v2\/product\/15318"}],"collection":[{"href":"https:\/\/store.rektor.no\/index.php?rest_route=\/wp\/v2\/product"}],"about":[{"href":"https:\/\/store.rektor.no\/index.php?rest_route=\/wp\/v2\/types\/product"}],"wp:featuredmedia":[{"embeddable":true,"href":"https:\/\/store.rektor.no\/index.php?rest_route=\/wp\/v2\/media\/15319"}],"wp:attachment":[{"href":"https:\/\/store.rektor.no\/index.php?rest_route=%2Fwp%2Fv2%2Fmedia&parent=15318"}],"wp:term":[{"taxonomy":"product_cat","embeddable":true,"href":"https:\/\/store.rektor.no\/index.php?rest_route=%2Fwp%2Fv2%2Fproduct_cat&post=15318"},{"taxonomy":"product_tag","embeddable":true,"href":"https:\/\/store.rektor.no\/index.php?rest_route=%2Fwp%2Fv2%2Fproduct_tag&post=15318"}],"curies":[{"name":"wp","href":"https:\/\/api.w.org\/{rel}","templated":true}]}}