{"id":15309,"date":"2023-06-02T13:31:30","date_gmt":"2023-06-02T13:31:30","guid":{"rendered":"https:\/\/store.rektor.no\/?product=coral-bay-134022"},"modified":"2023-06-02T13:31:35","modified_gmt":"2023-06-02T13:31:35","slug":"coral-bay-134022","status":"publish","type":"product","link":"https:\/\/store.rektor.no\/?product=coral-bay-134022","title":{"rendered":"Coral Bay &#8211; 134022"},"content":{"rendered":"<p>Artikelnummer:134022<\/p>\n","protected":false},"excerpt":{"rendered":"<p>Funksjonell polo pique med +30 UV-beskyttelse i fuktighetstransporterende CoolTouch materiale. M\u00f8nstret krage og dekorative b\u00e5nd nederst. Tilgjengelig i dame og herre st\u00f8rrelser.<\/p>\n","protected":false},"featured_media":15310,"template":"","meta":[],"product_cat":[438,437],"product_tag":[],"_links":{"self":[{"href":"https:\/\/store.rektor.no\/index.php?rest_route=\/wp\/v2\/product\/15309"}],"collection":[{"href":"https:\/\/store.rektor.no\/index.php?rest_route=\/wp\/v2\/product"}],"about":[{"href":"https:\/\/store.rektor.no\/index.php?rest_route=\/wp\/v2\/types\/product"}],"wp:featuredmedia":[{"embeddable":true,"href":"https:\/\/store.rektor.no\/index.php?rest_route=\/wp\/v2\/media\/15310"}],"wp:attachment":[{"href":"https:\/\/store.rektor.no\/index.php?rest_route=%2Fwp%2Fv2%2Fmedia&parent=15309"}],"wp:term":[{"taxonomy":"product_cat","embeddable":true,"href":"https:\/\/store.rektor.no\/index.php?rest_route=%2Fwp%2Fv2%2Fproduct_cat&post=15309"},{"taxonomy":"product_tag","embeddable":true,"href":"https:\/\/store.rektor.no\/index.php?rest_route=%2Fwp%2Fv2%2Fproduct_tag&post=15309"}],"curies":[{"name":"wp","href":"https:\/\/api.w.org\/{rel}","templated":true}]}}